{"id":75,"date":"2019-05-21T14:39:00","date_gmt":"2019-05-21T12:39:52","guid":{"rendered":"https:\/\/behrendt.hamburg\/lichtblickmain\/lichtblickmain\/?page_id=75"},"modified":"2025-12-18T11:09:52","modified_gmt":"2025-12-18T10:09:52","slug":"impressum","status":"publish","type":"page","link":"https:\/\/behrendt.hamburg\/lichtblickmain\/impressum\/","title":{"rendered":"Impressum"},"content":{"rendered":"<div class=\"vce-row-container\" data-vce-boxed-width=\"true\"><div class=\"vce-row vce-row--col-gap-30 vce-row-content--top\" id=\"el-3367f9d1\" data-vce-do-apply=\"all el-3367f9d1\"><div class=\"vce-row-content\" data-vce-element-content=\"true\"><div class=\"vce-col vce-col--md-auto vce-col--xs-1 vce-col--xs-last vce-col--xs-first vce-col--sm-last vce-col--sm-first vce-col--md-last vce-col--lg-last vce-col--xl-last vce-col--md-first vce-col--lg-first vce-col--xl-first\" id=\"el-1d23db88\"><div class=\"vce-col-inner\" data-vce-do-apply=\"border margin background  el-1d23db88\"><div class=\"vce-col-content\" data-vce-element-content=\"true\" data-vce-do-apply=\"padding el-1d23db88\"><div class=\"vce-widgets-container\"><div class=\"vce vce-widgets-wrapper\" id=\"el-b4246437\" data-vce-do-apply=\"all el-b4246437\"><div class=\"breadcrumbs\" vocab=\"https:\/\/schema.org\/\" typeof=\"BreadcrumbList\"><span property=\"itemListElement\" typeof=\"ListItem\"><a property=\"item\" typeof=\"WebPage\" title=\"Go to Startseite.\" href=\"https:\/\/behrendt.hamburg\/lichtblickmain\" class=\"home\" aria-current=\"page\"><span property=\"name\">Startseite<\/span><\/a><meta property=\"position\" content=\"1\"><\/span><\/div><\/div><\/div><\/div><\/div><\/div><\/div><\/div><\/div><div class=\"vce-section\" data-vce-boxed-width=\"true\"><div class=\"vce-section-inner\" id=\"el-4e6b7e3b\" data-vce-do-apply=\"all el-4e6b7e3b\"><div class=\"vce-content-background-container\"><\/div><div data-vce-element-content=\"true\"><div class=\"vce-row-container\" data-vce-boxed-width=\"true\"><div class=\"vce-row vce-row--col-gap-30 vce-row-content--top\" id=\"el-8e5721f4\" data-vce-do-apply=\"all el-8e5721f4\"><div class=\"vce-row-content\" data-vce-element-content=\"true\"><div class=\"vce-col vce-col--md-auto vce-col--xs-1 vce-col--xs-last vce-col--xs-first vce-col--sm-last vce-col--sm-first vce-col--md-last vce-col--lg-last vce-col--xl-last vce-col--md-first vce-col--lg-first vce-col--xl-first\" id=\"el-bef028f7\"><div class=\"vce-col-inner\" data-vce-do-apply=\"border margin background  el-bef028f7\"><div class=\"vce-col-content\" data-vce-element-content=\"true\" data-vce-do-apply=\"padding el-bef028f7\"><div class=\"vce-text-block\"><div class=\"vce-text-block-wrapper vce\" id=\"el-d2566e79\" data-vce-do-apply=\"all el-d2566e79\"><div><p><!-- This site is optimized with the Yoast SEO plugin v19.8 - https:\/\/yoast.com\/wordpress\/plugins\/seo\/ --> <!-- Nur f\u00fcr Administratoren: diese Seite stellt keine Meta-Beschreibung dar, weil bisher keine vorhanden ist. Verfassen Sie entweder eine speziell f\u00fcr diese Seite oder definieren Sie eine Vorlage unter [SEO - Darstellung in Suchergebnissen] --> <!-- \/ Yoast SEO plugin. --><noscript><\/p>\n<style type=\"text\/css\">\n                .vp-portfolio__preloader-wrap{display:none}.vp-portfolio__items-wrap,.vp-portfolio__filter-wrap,.vp-portfolio__sort-wrap,.vp-portfolio__pagination-wrap{visibility:visible;opacity:1}.vp-portfolio__item .vp-portfolio__item-img noscript+img{display:none}.vp-portfolio__thumbnails-wrap{display:none}            <\/style>\n<p>        <\/noscript><noscript><\/p>\n<style>.vce-row-container .vcv-lozad {display: none}<\/style>\n<p><\/noscript><\/p><\/div><div><div><p><!-- This site is optimized with the Yoast SEO plugin v17.8 - https:\/\/yoast.com\/wordpress\/plugins\/seo\/ --> <!-- Nur f\u00fcr Administratoren: diese Seite stellt keine Meta Beschreibung dar, weil bisher keine vorhanden ist. Verfassen Sie entweder eine speziell f\u00fcr diese Seite oder definieren Sie eine Vorlage unter [SEO - Darstellung in Suchergebnissen] --> <!-- \/ Yoast SEO plugin. --><noscript><\/p>\n<style>.vce-row-container .vcv-lozad {display: none}<\/style>\n<p><\/noscript><\/p><\/div><div><h3>Impressum<\/h3><h6>&nbsp;<\/h6><h6>&nbsp;<\/h6><h6>BEHRENDT GRUPPE GMBH &amp; CO. KG<\/h6><p>Friedensallee 271<br>22763 Hamburg<br>Telefon: 040 38 02 19 0<br>E-Mail: <a href=\"mailto:info@behrendt.hamburg\">info@behrendt.hamburg<\/a><\/p><p>Die Durchf\u00fchrung der Bauvorhaben erfolgt durch Gesellschaften der Behrendt Gruppe.<br>Handelsregister: Amtsgericht Hamburg HRA 118859<br>Komplement\u00e4rin: Behrendt Management GmbH<br>Handelsregister: Amtsgericht Hamburg HRB 136150<br>Vertretungsberechtigte Gesch\u00e4ftsf\u00fchrer: Tim Behrendt, Matthias M\u00fcller, Carina Skoglund<br>Aufsichtsbeh\u00f6rde: Freie und Hansestadt Hamburg, Bezirksamt Altona, Wirtschafts- und Ordnungsamt, Ust.Id.Nr.: DE 299926847 Finanzamt Hamburg Altona<\/p><p>\u2013\u2013\u2013<\/p><h6>BEHRENDT IMMOBILIEN VERWALTUNG GMBH &amp; CO. KG<\/h6><p>Friedensallee 271<br>22763 Hamburg<br>Telefon: 040 38 02 19 0<br>E-Mail: <a href=\"mailto:verwaltung@behrendt.hamburg\">verwaltung@behrendt.hamburg<\/a><\/p><p>Komplement\u00e4rin: Behrendt Gesch\u00e4ftsf\u00fchrungs GmbH<br>Handelsregister: Amtsgericht Hamburg HRA 98 130 l HRB 86 018<br>Gesch\u00e4ftsf\u00fchrer: Dr. Jan Behrendt, Tim Behrendt, Eva Stein<\/p><p>\u2013\u2013\u2013<\/p><h6>Handlungsbevollm\u00e4chtigte nach \u00a754 HGB | Stand 1.3.2024<\/h6><p><strong>Behrendt Gruppe GmbH &amp; Co. KG:<\/strong> Jan Philip Werner, Andreas Kr\u00f6tzsch, Katja Wiese, Stefanie Stecker, Karsten Veltmann, Heike Perez Jimenez<\/p><p><strong>Behrendt Wohneigentum 17 GmbH:<\/strong> Jan Philip Werner, Christian Sielka, Andreas Kr\u00f6tzsch, Katja Wiese, Silke Gerdes, Stefanie Stecker, Karsten Veltmann, Maximilian Graf<\/p><p><strong>Behrendt Wohneigentum 18 GmbH:<\/strong> Jan Philip Werner, Christian Sielka, Andreas Kr\u00f6tzsch, Katja Wiese, Silke Gerdes, Stefanie Stecker, Karsten Veltmann, Maximilian Graf<\/p><p><strong>Behrendt Wohneigentum 19 GmbH:<\/strong> Jan Philip Werner, Christian Sielka, Andreas Kr\u00f6tzsch, Katja Wiese, Silke Gerdes, Stefanie Stecker, Karsten Veltmann, Maximilian Graf<\/p><p><strong>Behrendt Wohneigentum 20 GmbH:<\/strong> Jan Philip Werner, Christian Sielka, Andreas Kr\u00f6tzsch, Katja Wiese, Silke Gerdes, Stefanie Stecker, Karsten Veltmann, Maximilian Graf, Heike Perez Jimenez<\/p><p><strong>Behrendt Wohneigentum 24 GmbH:<\/strong> Jan Philip Werner, Christian Sielka, Andreas Kr\u00f6tzsch, Katja Wiese, Silke Gerdes, Stefanie Stecker, Karsten Veltmann, Maximilian Graf, Heike Perez Jimenez<\/p><p><strong>Behrendt Wohneigentum 26 GmbH:<\/strong> Jan Philip Werner, Christian Sielka, Andreas Kr\u00f6tzsch, Katja Wiese, Alexandra Jansen, Silke Gerdes, Stefanie Stecker, Karsten Veltmann, Maximilian Graf, Heike Perez Jimenez<\/p><p><strong>Behrendt Wohneigentum 27 GmbH:<\/strong> Jan Philip Werner, Christian Sielka, Andreas Kr\u00f6tzsch, Katja Wiese, Alexandra Jansen, Silke Gerdes, Stefanie Stecker, Karsten Veltmann, Maximilian Graf, Heike Perez Jimenez<\/p><p><strong>Neustaedter Stra\u00dfe Groemitz GG GmbH:<\/strong> Jan Philip Werner, Christian Sielka, Andreas Kr\u00f6tzsch, Katja Wiese, Alexandra Jansen, Silke Gerdes, Stefanie Stecker, Karsten Veltmann, Maximilian Graf<\/p><p><strong>Hagendeel 23 GmbH:<\/strong> Jan Philip Werner, Christian Sielka, Andreas Kr\u00f6tzsch, Katja Wiese, Alexandra Jansen, Silke Gerdes, Stefanie Stecker, Karsten Veltmann, Maximilian Graf, Heike Perez Jimenez<\/p><p>\u2013\u2013\u2013<\/p><p><strong>Fotos:<\/strong> Behrendt | Fotolia | Sabine Mestars, Klasse 3b | Norbert Weidemann | Bilderfusion | Benjamin Hartwig | Karin Wengorz | Alexander Bach | GettyImages | Zelmer\/Wildt<br><strong>Grafik:<\/strong> Benjamin Hartwig | Behrendt<br><strong>Styling:<\/strong> Ina Anlauf<br><strong>Visualisierungen:<\/strong> Ingo Erik Moltzen | CYCLE ZERO VISUAL GmbH | Konzept 3D | APB. Grossmann-Hensel Schneider Andresen | cube visualisierungen<br><strong>Texte:<\/strong> Stefan Eilers | Peter Breuer | Frank Jacob<br><strong>Technische Betreuung:<\/strong> <a href=\"https:\/\/lichtblick.digital\/\">Lichtblick Digital GmbH<\/a><\/p><p>\u2013\u2013\u2013<\/p><h6>Online Streitbeilegung<\/h6><p>Die Europ\u00e4ische Kommission stellt eine Plattform zur Online-Streitbeilegung (OS) bereit, die Sie unter <a href=\"http:\/\/ec.europa.eu\/consumers\/odr\/\">http:\/\/ec.europa.eu\/consumers\/odr\/<\/a>&nbsp;finden. Zur Teilnahme an einem Streitbeilegungsverfahren vor einer Verbraucherschlichtungsstelle sind wir nicht verpflichtet und k\u00f6nnen es nicht anbieten.<\/p><p>\u2013\u2013\u2013<\/p><h6>Rechtliche Hinweise<\/h6><p><strong>Haftung f\u00fcr Inhalte<\/strong><br>Die Inhalte dieser Webseite wurden mit gr\u00f6\u00dftm\u00f6glicher Sorgfalt erstellt. Dennoch k\u00f6nnen wir keine Gew\u00e4hr f\u00fcr die Aktualit\u00e4t, Vollst\u00e4ndigkeit und Richtigkeit aller Inhalte \u00fcbernehmen. Wir behalten uns ausdr\u00fccklich das Recht vor, die auf der Webseite ver\u00f6ffentlichten Informationen jederzeit zu \u00e4ndern oder zu erg\u00e4nzen.<\/p><p><strong>Haftung f\u00fcr Links<\/strong><br>Soweit diese Webseite Links zu anderen Webseiten enth\u00e4lt, haben wir auf deren Inhalt keinen Einfluss. Aus diesem Grund k\u00f6nnen wir f\u00fcr diese Inhalte auch keine Gew\u00e4hr \u00fcbernehmen. F\u00fcr die Inhalte und Richtigkeit der bereitgestellten Informationen ist der jeweilige Anbieter der verlinkten Webseite verantwortlich. Zum Zeitpunkt der Verlinkung waren keine Rechtsverst\u00f6\u00dfe erkennbar. Bei Bekanntwerden einer solchen Rechtsverletzung werden wir den Link umgehend entfernen.<\/p><p><strong>Urheberrecht<\/strong><br>Die auf dieser Webseite ver\u00f6ffentlichten Inhalte, Werke und bereitgestellten Informationen unterliegen dem deutschen Urheberrecht. Jede Art der Vervielf\u00e4ltigung, Bearbeitung, Verbreitung, Einspeicherung und jede Art der Verwertung au\u00dferhalb der Grenzen des Urheberrechts bedarf der vorherigen schriftlichen Zustimmung des jeweiligen Rechteinhabers. Downloads und Kopien der Webseite sind nur f\u00fcr den privaten, nicht kommerziellen Gebrauch gestattet.<\/p><p><strong>Angabenvorbehalt<\/strong><br>Enthaltene Geb\u00e4udeanimationen, Fotos und grafische Darstellungen dienen lediglich der Anschauung. Die tats\u00e4chliche Gestaltung und Bauausf\u00fchrung kann von der Darstellung abweichen. Ma\u00dfgebend f\u00fcr Leistungsumfang und Ausf\u00fchrung ist ausschlie\u00dflich der notarielle Kaufvertrag.<\/p><\/div><\/div><div><p><img decoding=\"async\" id=\"apbct_pixel\" style=\"display: none;\" src=\"https:\/\/moderate4.cleantalk.org\/pixel\/d28afd1c451f86369ac6bb294c7477bd.gif\" alt=\"Cleantalk Pixel\"><!-- Sales Form Tracking Callback (injected via Wohnungsfinder) --><\/p><div id=\"myModal\" class=\"modal\"><div class=\"modal-content\"><div class=\"modal-header\">&nbsp;<\/div><div class=\"modal-footer\"><h3>&nbsp;<\/h3><\/div><\/div><\/div><p><!--googleoff: all--><\/p><div data-nosnippet=\"\">&nbsp;<\/div><p><!--googleon: all--><\/p><\/div><\/div><\/div><\/div><\/div><\/div><\/div><\/div><\/div><\/div><\/div><\/div>\n","protected":false},"excerpt":{"rendered":"<p>Impressum&nbsp;&nbsp;BEHRENDT GRUPPE GMBH &amp; CO. KGFriedensallee 27122763 HamburgTelefon: 040 38 02 19 0E-Mail: info@behrendt.hamburgDie Durchf\u00fchrung der Bauvorhaben erfolgt durch Gesellschaften der Behrendt Gruppe.Handelsregister: Amtsgericht Hamburg HRA 118859Komplement\u00e4rin: Behrendt Management GmbHHandelsregister: Amtsgericht Hamburg HRB 136150Vertretungsberechtigte Gesch\u00e4ftsf\u00fchrer: Tim Behrendt, Matthias M\u00fcller, Carina SkoglundAufsichtsbeh\u00f6rde: Freie und Hansestadt Hamburg, Bezirksamt Altona, Wirtschafts- und Ordnungsamt, Ust.Id.Nr.: DE 299926847 Finanzamt Hamburg&hellip;<\/p>\n","protected":false},"author":35,"featured_media":0,"parent":0,"menu_order":47,"comment_status":"closed","ping_status":"closed","template":"","meta":{"_acf_changed":false,"protect_children":false,"inline_featured_image":false,"_vp_format_video_url":"","_vp_image_focal_point":[],"footnotes":""},"class_list":["post-75","page","type-page","status-publish","hentry"],"acf":[],"yoast_head":"<!-- This site is optimized with the Yoast SEO plugin v27.5 - https:\/\/yoast.com\/product\/yoast-seo-wordpress\/ -->\n<title>Behrendt Gruppe Impressum - Behrendt Gruppe Hamburg<\/title>\n<meta name=\"robots\" content=\"index, follow, max-snippet:-1, max-image-preview:large, max-video-preview:-1\" \/>\n<link rel=\"canonical\" href=\"https:\/\/behrendt.hamburg\/lichtblickmain\/impressum\/\" \/>\n<meta property=\"og:locale\" content=\"de_DE\" \/>\n<meta property=\"og:type\" content=\"article\" \/>\n<meta property=\"og:title\" content=\"Behrendt Gruppe Impressum - Behrendt Gruppe Hamburg\" \/>\n<meta property=\"og:description\" content=\"Impressum&nbsp;&nbsp;BEHRENDT GRUPPE GMBH &amp; CO. KGFriedensallee 27122763 HamburgTelefon: 040 38 02 19 0E-Mail: info@behrendt.hamburgDie Durchf\u00fchrung der Bauvorhaben erfolgt durch Gesellschaften der Behrendt Gruppe.Handelsregister: Amtsgericht Hamburg HRA 118859Komplement\u00e4rin: Behrendt Management GmbHHandelsregister: Amtsgericht Hamburg HRB 136150Vertretungsberechtigte Gesch\u00e4ftsf\u00fchrer: Tim Behrendt, Matthias M\u00fcller, Carina SkoglundAufsichtsbeh\u00f6rde: Freie und Hansestadt Hamburg, Bezirksamt Altona, Wirtschafts- und Ordnungsamt, Ust.Id.Nr.: DE 299926847 Finanzamt Hamburg&hellip;\" \/>\n<meta property=\"og:url\" content=\"https:\/\/behrendt.hamburg\/lichtblickmain\/impressum\/\" \/>\n<meta property=\"og:site_name\" content=\"Behrendt Gruppe Hamburg\" \/>\n<meta property=\"article:modified_time\" content=\"2025-12-18T10:09:52+00:00\" \/>\n<meta property=\"og:image\" content=\"https:\/\/moderate4.cleantalk.org\/pixel\/d28afd1c451f86369ac6bb294c7477bd.gif\" \/>\n<meta name=\"twitter:card\" content=\"summary_large_image\" \/>\n<meta name=\"twitter:label1\" content=\"Gesch\u00e4tzte Lesezeit\" \/>\n\t<meta name=\"twitter:data1\" content=\"3\u00a0Minuten\" \/>\n<script type=\"application\/ld+json\" class=\"yoast-schema-graph\">{\"@context\":\"https:\\\/\\\/schema.org\",\"@graph\":[{\"@type\":\"WebPage\",\"@id\":\"https:\\\/\\\/behrendt.hamburg\\\/lichtblickmain\\\/impressum\\\/\",\"url\":\"https:\\\/\\\/behrendt.hamburg\\\/lichtblickmain\\\/impressum\\\/\",\"name\":\"Behrendt Gruppe Impressum - Behrendt Gruppe Hamburg\",\"isPartOf\":{\"@id\":\"https:\\\/\\\/behrendt.hamburg\\\/lichtblickmain\\\/#website\"},\"primaryImageOfPage\":{\"@id\":\"https:\\\/\\\/behrendt.hamburg\\\/lichtblickmain\\\/impressum\\\/#primaryimage\"},\"image\":{\"@id\":\"https:\\\/\\\/behrendt.hamburg\\\/lichtblickmain\\\/impressum\\\/#primaryimage\"},\"thumbnailUrl\":\"https:\\\/\\\/moderate4.cleantalk.org\\\/pixel\\\/d28afd1c451f86369ac6bb294c7477bd.gif\",\"datePublished\":\"2019-05-21T12:39:52+00:00\",\"dateModified\":\"2025-12-18T10:09:52+00:00\",\"breadcrumb\":{\"@id\":\"https:\\\/\\\/behrendt.hamburg\\\/lichtblickmain\\\/impressum\\\/#breadcrumb\"},\"inLanguage\":\"de\",\"potentialAction\":[{\"@type\":\"ReadAction\",\"target\":[\"https:\\\/\\\/behrendt.hamburg\\\/lichtblickmain\\\/impressum\\\/\"]}]},{\"@type\":\"ImageObject\",\"inLanguage\":\"de\",\"@id\":\"https:\\\/\\\/behrendt.hamburg\\\/lichtblickmain\\\/impressum\\\/#primaryimage\",\"url\":\"https:\\\/\\\/moderate4.cleantalk.org\\\/pixel\\\/d28afd1c451f86369ac6bb294c7477bd.gif\",\"contentUrl\":\"https:\\\/\\\/moderate4.cleantalk.org\\\/pixel\\\/d28afd1c451f86369ac6bb294c7477bd.gif\"},{\"@type\":\"BreadcrumbList\",\"@id\":\"https:\\\/\\\/behrendt.hamburg\\\/lichtblickmain\\\/impressum\\\/#breadcrumb\",\"itemListElement\":[{\"@type\":\"ListItem\",\"position\":1,\"name\":\"Home\",\"item\":\"https:\\\/\\\/behrendt.hamburg\\\/lichtblickmain\\\/\"},{\"@type\":\"ListItem\",\"position\":2,\"name\":\"Impressum\"}]},{\"@type\":\"WebSite\",\"@id\":\"https:\\\/\\\/behrendt.hamburg\\\/lichtblickmain\\\/#website\",\"url\":\"https:\\\/\\\/behrendt.hamburg\\\/lichtblickmain\\\/\",\"name\":\"Behrendt Gruppe Hamburg\",\"description\":\"Wohnung in Hamburg kaufen | Eigentumswohnungen | Behrendt Gruppe\",\"potentialAction\":[{\"@type\":\"SearchAction\",\"target\":{\"@type\":\"EntryPoint\",\"urlTemplate\":\"https:\\\/\\\/behrendt.hamburg\\\/lichtblickmain\\\/?s={search_term_string}\"},\"query-input\":{\"@type\":\"PropertyValueSpecification\",\"valueRequired\":true,\"valueName\":\"search_term_string\"}}],\"inLanguage\":\"de\"}]}<\/script>\n<!-- \/ Yoast SEO plugin. -->","yoast_head_json":{"title":"Behrendt Gruppe Impressum - Behrendt Gruppe Hamburg","robots":{"index":"index","follow":"follow","max-snippet":"max-snippet:-1","max-image-preview":"max-image-preview:large","max-video-preview":"max-video-preview:-1"},"canonical":"https:\/\/behrendt.hamburg\/lichtblickmain\/impressum\/","og_locale":"de_DE","og_type":"article","og_title":"Behrendt Gruppe Impressum - Behrendt Gruppe Hamburg","og_description":"Impressum&nbsp;&nbsp;BEHRENDT GRUPPE GMBH &amp; CO. KGFriedensallee 27122763 HamburgTelefon: 040 38 02 19 0E-Mail: info@behrendt.hamburgDie Durchf\u00fchrung der Bauvorhaben erfolgt durch Gesellschaften der Behrendt Gruppe.Handelsregister: Amtsgericht Hamburg HRA 118859Komplement\u00e4rin: Behrendt Management GmbHHandelsregister: Amtsgericht Hamburg HRB 136150Vertretungsberechtigte Gesch\u00e4ftsf\u00fchrer: Tim Behrendt, Matthias M\u00fcller, Carina SkoglundAufsichtsbeh\u00f6rde: Freie und Hansestadt Hamburg, Bezirksamt Altona, Wirtschafts- und Ordnungsamt, Ust.Id.Nr.: DE 299926847 Finanzamt Hamburg&hellip;","og_url":"https:\/\/behrendt.hamburg\/lichtblickmain\/impressum\/","og_site_name":"Behrendt Gruppe Hamburg","article_modified_time":"2025-12-18T10:09:52+00:00","og_image":[{"url":"https:\/\/moderate4.cleantalk.org\/pixel\/d28afd1c451f86369ac6bb294c7477bd.gif","type":"","width":"","height":""}],"twitter_card":"summary_large_image","twitter_misc":{"Gesch\u00e4tzte Lesezeit":"3\u00a0Minuten"},"schema":{"@context":"https:\/\/schema.org","@graph":[{"@type":"WebPage","@id":"https:\/\/behrendt.hamburg\/lichtblickmain\/impressum\/","url":"https:\/\/behrendt.hamburg\/lichtblickmain\/impressum\/","name":"Behrendt Gruppe Impressum - Behrendt Gruppe Hamburg","isPartOf":{"@id":"https:\/\/behrendt.hamburg\/lichtblickmain\/#website"},"primaryImageOfPage":{"@id":"https:\/\/behrendt.hamburg\/lichtblickmain\/impressum\/#primaryimage"},"image":{"@id":"https:\/\/behrendt.hamburg\/lichtblickmain\/impressum\/#primaryimage"},"thumbnailUrl":"https:\/\/moderate4.cleantalk.org\/pixel\/d28afd1c451f86369ac6bb294c7477bd.gif","datePublished":"2019-05-21T12:39:52+00:00","dateModified":"2025-12-18T10:09:52+00:00","breadcrumb":{"@id":"https:\/\/behrendt.hamburg\/lichtblickmain\/impressum\/#breadcrumb"},"inLanguage":"de","potentialAction":[{"@type":"ReadAction","target":["https:\/\/behrendt.hamburg\/lichtblickmain\/impressum\/"]}]},{"@type":"ImageObject","inLanguage":"de","@id":"https:\/\/behrendt.hamburg\/lichtblickmain\/impressum\/#primaryimage","url":"https:\/\/moderate4.cleantalk.org\/pixel\/d28afd1c451f86369ac6bb294c7477bd.gif","contentUrl":"https:\/\/moderate4.cleantalk.org\/pixel\/d28afd1c451f86369ac6bb294c7477bd.gif"},{"@type":"BreadcrumbList","@id":"https:\/\/behrendt.hamburg\/lichtblickmain\/impressum\/#breadcrumb","itemListElement":[{"@type":"ListItem","position":1,"name":"Home","item":"https:\/\/behrendt.hamburg\/lichtblickmain\/"},{"@type":"ListItem","position":2,"name":"Impressum"}]},{"@type":"WebSite","@id":"https:\/\/behrendt.hamburg\/lichtblickmain\/#website","url":"https:\/\/behrendt.hamburg\/lichtblickmain\/","name":"Behrendt Gruppe Hamburg","description":"Wohnung in Hamburg kaufen | Eigentumswohnungen | Behrendt Gruppe","potentialAction":[{"@type":"SearchAction","target":{"@type":"EntryPoint","urlTemplate":"https:\/\/behrendt.hamburg\/lichtblickmain\/?s={search_term_string}"},"query-input":{"@type":"PropertyValueSpecification","valueRequired":true,"valueName":"search_term_string"}}],"inLanguage":"de"}]}},"_links":{"self":[{"href":"https:\/\/behrendt.hamburg\/lichtblickmain\/wp-json\/wp\/v2\/pages\/75","targetHints":{"allow":["GET"]}}],"collection":[{"href":"https:\/\/behrendt.hamburg\/lichtblickmain\/wp-json\/wp\/v2\/pages"}],"about":[{"href":"https:\/\/behrendt.hamburg\/lichtblickmain\/wp-json\/wp\/v2\/types\/page"}],"author":[{"embeddable":true,"href":"https:\/\/behrendt.hamburg\/lichtblickmain\/wp-json\/wp\/v2\/users\/35"}],"replies":[{"embeddable":true,"href":"https:\/\/behrendt.hamburg\/lichtblickmain\/wp-json\/wp\/v2\/comments?post=75"}],"version-history":[{"count":0,"href":"https:\/\/behrendt.hamburg\/lichtblickmain\/wp-json\/wp\/v2\/pages\/75\/revisions"}],"wp:attachment":[{"href":"https:\/\/behrendt.hamburg\/lichtblickmain\/wp-json\/wp\/v2\/media?parent=75"}],"curies":[{"name":"wp","href":"https:\/\/api.w.org\/{rel}","templated":true}]}}