{"id":4863,"date":"2024-03-10T17:01:10","date_gmt":"2024-03-10T16:01:10","guid":{"rendered":"https:\/\/behrendt.hamburg\/372-bramfeld\/?page_id=4863"},"modified":"2026-04-27T09:01:51","modified_gmt":"2026-04-27T07:01:51","slug":"gartenquartier-gruen-372-bramfeld-behrendt-gruppe","status":"publish","type":"page","link":"https:\/\/behrendt.hamburg\/372-bramfeld\/","title":{"rendered":"372 Bramfeld Startseite"},"content":{"rendered":"","protected":false},"excerpt":{"rendered":"","protected":false},"author":23,"featured_media":0,"parent":0,"menu_order":0,"comment_status":"closed","ping_status":"closed","template":"startseite.php","meta":{"_acf_changed":false,"footnotes":""},"class_list":["post-4863","page","type-page","status-publish","hentry","wpbf-post"],"acf":[],"yoast_head":"<!-- This site is optimized with the Yoast SEO plugin v26.8 - https:\/\/yoast.com\/product\/yoast-seo-wordpress\/ -->\n<title>Eigentumswohnung in Bramfeld kaufen | Behrendt Gruppe<\/title>\n<meta name=\"description\" content=\"GARTENQUARTIER GR\u00dcN: vielf\u00e4ltige Neubau-Eigentumswohnungen der Behrendt Gruppe in gr\u00fcner Wohnlage in Hamburg-Bramfeld\" \/>\n<meta name=\"robots\" content=\"index, follow, max-snippet:-1, max-image-preview:large, max-video-preview:-1\" \/>\n<link rel=\"canonical\" href=\"https:\/\/behrendt.hamburg\/372-bramfeld\/\" \/>\n<meta property=\"og:locale\" content=\"de_DE\" \/>\n<meta property=\"og:type\" content=\"article\" \/>\n<meta property=\"og:title\" content=\"Eigentumswohnung in Bramfeld kaufen | Behrendt Gruppe\" \/>\n<meta property=\"og:description\" content=\"GARTENQUARTIER GR\u00dcN: vielf\u00e4ltige Neubau-Eigentumswohnungen der Behrendt Gruppe in gr\u00fcner Wohnlage in Hamburg-Bramfeld\" \/>\n<meta property=\"og:url\" content=\"https:\/\/behrendt.hamburg\/372-bramfeld\/\" \/>\n<meta property=\"og:site_name\" content=\"372 Bramfeld - Behrendt Immobilien Hamburg\" \/>\n<meta property=\"article:modified_time\" content=\"2026-04-27T07:01:51+00:00\" \/>\n<meta name=\"twitter:card\" content=\"summary_large_image\" \/>\n<script type=\"application\/ld+json\" class=\"yoast-schema-graph\">{\"@context\":\"https:\/\/schema.org\",\"@graph\":[{\"@type\":\"WebPage\",\"@id\":\"https:\/\/behrendt.hamburg\/372-bramfeld\/\",\"url\":\"https:\/\/behrendt.hamburg\/372-bramfeld\/\",\"name\":\"Eigentumswohnung in Bramfeld kaufen | Behrendt Gruppe\",\"isPartOf\":{\"@id\":\"https:\/\/behrendt.hamburg\/372-bramfeld\/#website\"},\"datePublished\":\"2024-03-10T16:01:10+00:00\",\"dateModified\":\"2026-04-27T07:01:51+00:00\",\"description\":\"GARTENQUARTIER GR\u00dcN: vielf\u00e4ltige Neubau-Eigentumswohnungen der Behrendt Gruppe in gr\u00fcner Wohnlage in Hamburg-Bramfeld\",\"breadcrumb\":{\"@id\":\"https:\/\/behrendt.hamburg\/372-bramfeld\/#breadcrumb\"},\"inLanguage\":\"de\",\"potentialAction\":[{\"@type\":\"ReadAction\",\"target\":[\"https:\/\/behrendt.hamburg\/372-bramfeld\/\"]}]},{\"@type\":\"BreadcrumbList\",\"@id\":\"https:\/\/behrendt.hamburg\/372-bramfeld\/#breadcrumb\",\"itemListElement\":[{\"@type\":\"ListItem\",\"position\":1,\"name\":\"Home\",\"item\":\"https:\/\/behrendt.hamburg\/372-bramfeld\/\"},{\"@type\":\"ListItem\",\"position\":2,\"name\":\"372 Bramfeld Startseite\"}]},{\"@type\":\"WebSite\",\"@id\":\"https:\/\/behrendt.hamburg\/372-bramfeld\/#website\",\"url\":\"https:\/\/behrendt.hamburg\/372-bramfeld\/\",\"name\":\"372 Bramfeld - Behrendt Immobilien Hamburg\",\"description\":\"372 Bramfeld\",\"publisher\":{\"@id\":\"https:\/\/behrendt.hamburg\/372-bramfeld\/#organization\"},\"potentialAction\":[{\"@type\":\"SearchAction\",\"target\":{\"@type\":\"EntryPoint\",\"urlTemplate\":\"https:\/\/behrendt.hamburg\/372-bramfeld\/?s={search_term_string}\"},\"query-input\":{\"@type\":\"PropertyValueSpecification\",\"valueRequired\":true,\"valueName\":\"search_term_string\"}}],\"inLanguage\":\"de\"},{\"@type\":\"Organization\",\"@id\":\"https:\/\/behrendt.hamburg\/372-bramfeld\/#organization\",\"name\":\"372 Bramfeld - Behrendt Immobilien Hamburg\",\"url\":\"https:\/\/behrendt.hamburg\/372-bramfeld\/\",\"logo\":{\"@type\":\"ImageObject\",\"inLanguage\":\"de\",\"@id\":\"https:\/\/behrendt.hamburg\/372-bramfeld\/#\/schema\/logo\/image\/\",\"url\":\"https:\/\/behrendt.hamburg\/372-bramfeld\/wp-content\/uploads\/2019\/11\/Behrendt_moewe_petrol.svg\",\"contentUrl\":\"https:\/\/behrendt.hamburg\/372-bramfeld\/wp-content\/uploads\/2019\/11\/Behrendt_moewe_petrol.svg\",\"width\":264.2,\"height\":40.1,\"caption\":\"372 Bramfeld - Behrendt Immobilien Hamburg\"},\"image\":{\"@id\":\"https:\/\/behrendt.hamburg\/372-bramfeld\/#\/schema\/logo\/image\/\"}}]}<\/script>\n<!-- \/ Yoast SEO plugin. -->","yoast_head_json":{"title":"Eigentumswohnung in Bramfeld kaufen | Behrendt Gruppe","description":"GARTENQUARTIER GR\u00dcN: vielf\u00e4ltige Neubau-Eigentumswohnungen der Behrendt Gruppe in gr\u00fcner Wohnlage in Hamburg-Bramfeld","robots":{"index":"index","follow":"follow","max-snippet":"max-snippet:-1","max-image-preview":"max-image-preview:large","max-video-preview":"max-video-preview:-1"},"canonical":"https:\/\/behrendt.hamburg\/372-bramfeld\/","og_locale":"de_DE","og_type":"article","og_title":"Eigentumswohnung in Bramfeld kaufen | Behrendt Gruppe","og_description":"GARTENQUARTIER GR\u00dcN: vielf\u00e4ltige Neubau-Eigentumswohnungen der Behrendt Gruppe in gr\u00fcner Wohnlage in Hamburg-Bramfeld","og_url":"https:\/\/behrendt.hamburg\/372-bramfeld\/","og_site_name":"372 Bramfeld - Behrendt Immobilien Hamburg","article_modified_time":"2026-04-27T07:01:51+00:00","twitter_card":"summary_large_image","schema":{"@context":"https:\/\/schema.org","@graph":[{"@type":"WebPage","@id":"https:\/\/behrendt.hamburg\/372-bramfeld\/","url":"https:\/\/behrendt.hamburg\/372-bramfeld\/","name":"Eigentumswohnung in Bramfeld kaufen | Behrendt Gruppe","isPartOf":{"@id":"https:\/\/behrendt.hamburg\/372-bramfeld\/#website"},"datePublished":"2024-03-10T16:01:10+00:00","dateModified":"2026-04-27T07:01:51+00:00","description":"GARTENQUARTIER GR\u00dcN: vielf\u00e4ltige Neubau-Eigentumswohnungen der Behrendt Gruppe in gr\u00fcner Wohnlage in Hamburg-Bramfeld","breadcrumb":{"@id":"https:\/\/behrendt.hamburg\/372-bramfeld\/#breadcrumb"},"inLanguage":"de","potentialAction":[{"@type":"ReadAction","target":["https:\/\/behrendt.hamburg\/372-bramfeld\/"]}]},{"@type":"BreadcrumbList","@id":"https:\/\/behrendt.hamburg\/372-bramfeld\/#breadcrumb","itemListElement":[{"@type":"ListItem","position":1,"name":"Home","item":"https:\/\/behrendt.hamburg\/372-bramfeld\/"},{"@type":"ListItem","position":2,"name":"372 Bramfeld Startseite"}]},{"@type":"WebSite","@id":"https:\/\/behrendt.hamburg\/372-bramfeld\/#website","url":"https:\/\/behrendt.hamburg\/372-bramfeld\/","name":"372 Bramfeld - Behrendt Immobilien Hamburg","description":"372 Bramfeld","publisher":{"@id":"https:\/\/behrendt.hamburg\/372-bramfeld\/#organization"},"potentialAction":[{"@type":"SearchAction","target":{"@type":"EntryPoint","urlTemplate":"https:\/\/behrendt.hamburg\/372-bramfeld\/?s={search_term_string}"},"query-input":{"@type":"PropertyValueSpecification","valueRequired":true,"valueName":"search_term_string"}}],"inLanguage":"de"},{"@type":"Organization","@id":"https:\/\/behrendt.hamburg\/372-bramfeld\/#organization","name":"372 Bramfeld - Behrendt Immobilien Hamburg","url":"https:\/\/behrendt.hamburg\/372-bramfeld\/","logo":{"@type":"ImageObject","inLanguage":"de","@id":"https:\/\/behrendt.hamburg\/372-bramfeld\/#\/schema\/logo\/image\/","url":"https:\/\/behrendt.hamburg\/372-bramfeld\/wp-content\/uploads\/2019\/11\/Behrendt_moewe_petrol.svg","contentUrl":"https:\/\/behrendt.hamburg\/372-bramfeld\/wp-content\/uploads\/2019\/11\/Behrendt_moewe_petrol.svg","width":264.2,"height":40.1,"caption":"372 Bramfeld - Behrendt Immobilien Hamburg"},"image":{"@id":"https:\/\/behrendt.hamburg\/372-bramfeld\/#\/schema\/logo\/image\/"}}]}},"_links":{"self":[{"href":"https:\/\/behrendt.hamburg\/372-bramfeld\/wp-json\/wp\/v2\/pages\/4863","targetHints":{"allow":["GET"]}}],"collection":[{"href":"https:\/\/behrendt.hamburg\/372-bramfeld\/wp-json\/wp\/v2\/pages"}],"about":[{"href":"https:\/\/behrendt.hamburg\/372-bramfeld\/wp-json\/wp\/v2\/types\/page"}],"author":[{"embeddable":true,"href":"https:\/\/behrendt.hamburg\/372-bramfeld\/wp-json\/wp\/v2\/users\/23"}],"replies":[{"embeddable":true,"href":"https:\/\/behrendt.hamburg\/372-bramfeld\/wp-json\/wp\/v2\/comments?post=4863"}],"version-history":[{"count":10,"href":"https:\/\/behrendt.hamburg\/372-bramfeld\/wp-json\/wp\/v2\/pages\/4863\/revisions"}],"predecessor-version":[{"id":5882,"href":"https:\/\/behrendt.hamburg\/372-bramfeld\/wp-json\/wp\/v2\/pages\/4863\/revisions\/5882"}],"wp:attachment":[{"href":"https:\/\/behrendt.hamburg\/372-bramfeld\/wp-json\/wp\/v2\/media?parent=4863"}],"curies":[{"name":"wp","href":"https:\/\/api.w.org\/{rel}","templated":true}]}}