{"id":63,"date":"2017-07-14T19:51:32","date_gmt":"2017-07-14T17:51:32","guid":{"rendered":"http:\/\/ahrensburgermedian331.dev.behrendt.hamburg\/?page_id=63"},"modified":"2020-01-07T16:18:58","modified_gmt":"2020-01-07T15:18:58","slug":"start","status":"publish","type":"page","link":"https:\/\/behrendt.hamburg\/332-ahrensburgermedian\/","title":{"rendered":"Start"},"content":{"rendered":"<div id=\"pl-63\"  class=\"panel-layout\" ><div id=\"pg-63-0\"  class=\"panel-grid panel-has-style\" ><div class=\"siteorigin-panels-stretch panel-row-style panel-row-style-for-63-0\" data-stretch-type=\"full-stretched\" ><div id=\"pgc-63-0-0\"  class=\"panel-grid-cell\" ><div id=\"panel-63-0-0-0\" class=\"so-panel widget widget_behrendt-fading-image-widget panel-first-child panel-last-child\" data-index=\"0\" ><div\n\t\t\t\n\t\t\tclass=\"so-widget-behrendt-fading-image-widget so-widget-behrendt-fading-image-widget-default-40cd750bba98-63\"\n\t\t\t\n\t\t><div id=\"behrendt-fading-image-container-4655d5b3-82f1-4d81-9cbd-e0476f481bc6\" class=\"behrendt-fading-image-container\"><img loading=\"lazy\" decoding=\"async\" class=\"behrendt-fading-image-placeholder\" src=\"https:\/\/behrendt.hamburg\/332-ahrensburgermedian\/wp-content\/uploads\/sites\/28\/2017\/12\/Hamburger_Strasse_Perspektive_Strasse1.jpg\" width=\"1920\" height=\"1362\" srcset=\"https:\/\/behrendt.hamburg\/332-ahrensburgermedian\/wp-content\/uploads\/sites\/28\/2017\/12\/Hamburger_Strasse_Perspektive_Strasse1.jpg 1920w, https:\/\/behrendt.hamburg\/332-ahrensburgermedian\/wp-content\/uploads\/sites\/28\/2017\/12\/Hamburger_Strasse_Perspektive_Strasse1-300x213.jpg 300w, https:\/\/behrendt.hamburg\/332-ahrensburgermedian\/wp-content\/uploads\/sites\/28\/2017\/12\/Hamburger_Strasse_Perspektive_Strasse1-768x545.jpg 768w, https:\/\/behrendt.hamburg\/332-ahrensburgermedian\/wp-content\/uploads\/sites\/28\/2017\/12\/Hamburger_Strasse_Perspektive_Strasse1-1024x726.jpg 1024w\" sizes=\"auto, (max-width: 1920px) 100vw, 1920px\"><img loading=\"lazy\" decoding=\"async\" class=\"behrendt-fading-image\" src=\"https:\/\/behrendt.hamburg\/332-ahrensburgermedian\/wp-content\/uploads\/sites\/28\/2017\/12\/Hamburger_Strasse_Perspektive_Strasse1.jpg\" width=\"1920\" height=\"1362\" srcset=\"https:\/\/behrendt.hamburg\/332-ahrensburgermedian\/wp-content\/uploads\/sites\/28\/2017\/12\/Hamburger_Strasse_Perspektive_Strasse1.jpg 1920w, https:\/\/behrendt.hamburg\/332-ahrensburgermedian\/wp-content\/uploads\/sites\/28\/2017\/12\/Hamburger_Strasse_Perspektive_Strasse1-300x213.jpg 300w, https:\/\/behrendt.hamburg\/332-ahrensburgermedian\/wp-content\/uploads\/sites\/28\/2017\/12\/Hamburger_Strasse_Perspektive_Strasse1-768x545.jpg 768w, https:\/\/behrendt.hamburg\/332-ahrensburgermedian\/wp-content\/uploads\/sites\/28\/2017\/12\/Hamburger_Strasse_Perspektive_Strasse1-1024x726.jpg 1024w\" sizes=\"auto, (max-width: 1920px) 100vw, 1920px\"><img loading=\"lazy\" decoding=\"async\" class=\"behrendt-fading-image\" src=\"https:\/\/behrendt.hamburg\/332-ahrensburgermedian\/wp-content\/uploads\/sites\/28\/2017\/12\/Hamburger_Strasse_Perspektive_Strasse2.jpg\" width=\"1920\" height=\"1362\" srcset=\"https:\/\/behrendt.hamburg\/332-ahrensburgermedian\/wp-content\/uploads\/sites\/28\/2017\/12\/Hamburger_Strasse_Perspektive_Strasse2.jpg 1920w, https:\/\/behrendt.hamburg\/332-ahrensburgermedian\/wp-content\/uploads\/sites\/28\/2017\/12\/Hamburger_Strasse_Perspektive_Strasse2-300x213.jpg 300w, https:\/\/behrendt.hamburg\/332-ahrensburgermedian\/wp-content\/uploads\/sites\/28\/2017\/12\/Hamburger_Strasse_Perspektive_Strasse2-768x545.jpg 768w, https:\/\/behrendt.hamburg\/332-ahrensburgermedian\/wp-content\/uploads\/sites\/28\/2017\/12\/Hamburger_Strasse_Perspektive_Strasse2-1024x726.jpg 1024w\" sizes=\"auto, (max-width: 1920px) 100vw, 1920px\"><\/div><\/div><\/div><\/div><\/div><\/div><div id=\"pg-63-1\"  class=\"panel-grid panel-no-style\" ><div id=\"pgc-63-1-0\"  class=\"panel-grid-cell\" ><div id=\"panel-63-1-0-0\" class=\"so-panel widget widget_behrendt-headline-section-widget panel-first-child panel-last-child\" data-index=\"1\" ><div\n\t\t\t\n\t\t\tclass=\"so-widget-behrendt-headline-section-widget so-widget-behrendt-headline-section-widget-default-c655ee8edb64-63\"\n\t\t\t\n\t\t>\n<div class=\"has-no-image\">\n\n<h3 id=\"headline-69eb75ebc0c58\">Das Quartier<\/h3>\n<div class=\"border\"><\/div>\n\n\n<\/div><\/div><\/div><\/div><\/div><div id=\"pg-63-2\"  class=\"panel-grid panel-has-style\" ><div class=\"panel-row-style panel-row-style-for-63-2\" ><div id=\"pgc-63-2-0\"  class=\"panel-grid-cell\" ><div id=\"panel-63-2-0-0\" class=\"so-panel widget widget_behrendt-headline-widget panel-first-child panel-last-child\" data-index=\"2\" ><div\n\t\t\t\n\t\t\tclass=\"so-widget-behrendt-headline-widget so-widget-behrendt-headline-widget-default-ebaa5e2d627e-63\"\n\t\t\t\n\t\t><h4><span style=\"font-weight: 300\">zwischen wald<\/span>\n<br \/>\n<span style=\"font-weight: 700\">und waterkant<\/span><\/h4><\/div><\/div><\/div><div id=\"pgc-63-2-1\"  class=\"panel-grid-cell\" ><div id=\"panel-63-2-1-0\" class=\"so-panel widget widget_sow-editor panel-first-child panel-last-child\" data-index=\"3\" ><div class=\"panel-widget-style panel-widget-style-for-63-2-1-0\" ><div\n\t\t\t\n\t\t\tclass=\"so-widget-sow-editor so-widget-sow-editor-base\"\n\t\t\t\n\t\t>\n<div class=\"siteorigin-widget-tinymce textwidget\">\n\t<p>In Ahrensburg l\u00e4sst sich\u2019s leben. Denn hier kann man fast alles machen, ohne es zu m\u00fcssen. Lust auf Gro\u00dfstadt? Ab nach Hamburg. Seeluft schnuppern? In einer halben Stunde stehen Sie an der Ostsee. Oder doch lieber Reiten, Shoppen, Golfen, Pilze sammeln, Fahrradtour machen oder einfach nur entspannen ...<\/p>\n<p>Hier, vor den Toren Hamburgs, entsteht ein Wohnhaus f\u00fcr alle, die es ausgeglichen m\u00f6gen: der <strong>ahrensburger median 332<\/strong>. Zentral an der Hamburger Stra\u00dfe 43 gelegen, bietet das attraktive Quartier insgesamt 106 Wohnungen \u2013 nat\u00fcrlich alle auf dem neusten Stand mit modernen Grundrissen und <strong>gro\u00dfz\u00fcgigen, lichtdurchfluteten Zimmern<\/strong>. Ein weitl\u00e4ufiger, <strong>nicht einsehbarer Landschaftsgarten<\/strong> auf der R\u00fcckseite mit einer historischen Villa und altem Baumbestand in direkter Nachbarschaft, vermittelt das Gef\u00fchl von Wohnen am Park.<\/p>\n<p>Im <strong>ahrensburger median 332<\/strong> stehen Ihnen <b>52 Mietwohnungen\u00a0<\/b>mit\u00a0<strong>2 bis 4 Zimmern<\/strong> zur Auswahl, verteilt auf jeweils <strong>56 bis 107 m<sup>2<\/sup> Wohnfl\u00e4che<\/strong>\u00a0\u2013 nat\u00fcrlich in bester Lage des Areals. Optional kann ein Tiefgaragen-Stellplatz zur Wohnung angemietet werden.<\/p>\n<p>In direkter Umgebung finden Sie alles, was Sie brauchen \u2013 vom <strong>Supermarkt \u00fcber B\u00e4cker bis zu Apotheken<\/strong>. Auch die Verkehrsanbindung ist ideal, durch die unmittelbare <strong>N\u00e4he zum Bahnhof und zur U1 Richtung Hamburg<\/strong>, sowie den <strong>Anschluss zur A1<\/strong>. Zudem ist der Busbahnhof Hamburger Stra\u00dfe mit 11 Linien fu\u00dfl\u00e4ufig in wenigen Minuten erreicht. Genauso schnell sind Sie mit dem Fahrrad inmitten der Natur und genie\u00dfen die vielen Naherholungsm\u00f6glichkeiten.<\/p>\n<p>Wenn Sie diese <strong>Symbiose aus Idylle und Gro\u00dfstadtn\u00e4he<\/strong> reizt, w\u00fcrden wir uns freuen, von Ihnen zu h\u00f6ren. Gerne beraten wir Sie zu allen Fragen und W\u00fcnschen rund um das neue Projekt.<\/p>\n<\/div>\n<\/div><\/div><\/div><\/div><\/div><\/div><div id=\"pg-63-3\"  class=\"panel-grid panel-has-style\" ><div class=\"panel-row-style panel-row-style-for-63-3\" ><div id=\"pgc-63-3-0\"  class=\"panel-grid-cell\" ><div id=\"panel-63-3-0-0\" class=\"so-panel widget widget_sow-image panel-first-child panel-last-child\" data-index=\"4\" ><div\n\t\t\t\n\t\t\tclass=\"so-widget-sow-image so-widget-sow-image-default-d6014b76747a-63\"\n\t\t\t\n\t\t>\n\n<div class=\"sow-image-container\">\n\t\t<img decoding=\"async\" src=\"https:\/\/behrendt.hamburg\/332-ahrensburgermedian\/wp-content\/uploads\/sites\/28\/2017\/07\/Ahrensburg_img1.jpeg\" width=\"1178\" height=\"836\" srcset=\"https:\/\/behrendt.hamburg\/332-ahrensburgermedian\/wp-content\/uploads\/sites\/28\/2017\/07\/Ahrensburg_img1.jpeg 1178w, https:\/\/behrendt.hamburg\/332-ahrensburgermedian\/wp-content\/uploads\/sites\/28\/2017\/07\/Ahrensburg_img1-300x213.jpeg 300w, https:\/\/behrendt.hamburg\/332-ahrensburgermedian\/wp-content\/uploads\/sites\/28\/2017\/07\/Ahrensburg_img1-768x545.jpeg 768w, https:\/\/behrendt.hamburg\/332-ahrensburgermedian\/wp-content\/uploads\/sites\/28\/2017\/07\/Ahrensburg_img1-1024x727.jpeg 1024w\" sizes=\"auto, (max-width: 1178px) 100vw, 1178px\" alt=\"\" loading=\"lazy\" \t\tclass=\"so-widget-image\"\/>\n\t<\/div>\n\n<\/div><\/div><\/div><\/div><\/div><div id=\"pg-63-4\"  class=\"panel-grid panel-no-style\" ><div id=\"pgc-63-4-0\"  class=\"panel-grid-cell\" ><div id=\"panel-63-4-0-0\" class=\"so-panel widget widget_behrendt-headline-section-widget panel-first-child panel-last-child\" data-index=\"5\" ><div\n\t\t\t\n\t\t\tclass=\"so-widget-behrendt-headline-section-widget so-widget-behrendt-headline-section-widget-default-c655ee8edb64-63\"\n\t\t\t\n\t\t>\n<div class=\"has-no-image\">\n\n<h3 id=\"headline-69eb75ebc1322\">Die Umgebung<\/h3>\n<div class=\"border\"><\/div>\n\n\n<\/div><\/div><\/div><\/div><\/div><div id=\"pg-63-5\"  class=\"panel-grid panel-has-style\" ><div class=\"panel-row-style panel-row-style-for-63-5\" ><div id=\"pgc-63-5-0\"  class=\"panel-grid-cell\" ><div id=\"panel-63-5-0-0\" class=\"so-panel widget widget_behrendt-city-limit-sign-widget panel-first-child panel-last-child\" data-index=\"6\" ><div\n\t\t\t\n\t\t\tclass=\"so-widget-behrendt-city-limit-sign-widget so-widget-behrendt-city-limit-sign-widget-default-fff9c43e39ab-63\"\n\t\t\t\n\t\t><div id=\"city-limit-sign-612bd57d-0dc5-49aa-a495-de48d3596f1f\" class=\"city-limit-sign-wrapper\"><img decoding=\"async\" src=\"https:\/\/behrendt.hamburg\/332-ahrensburgermedian\/wp-content\/themes\/behrendt-ahrensburg332\/library\/so-widgets\/extra-widgets\/behrendt-city-limit-sign-widget\/images\/Ortsschild-oben.png\"><div class=\"shield-text-outter-wrapper\" style=\"background-image: url(https:\/\/behrendt.hamburg\/332-ahrensburgermedian\/wp-content\/themes\/behrendt-ahrensburg332\/library\/so-widgets\/extra-widgets\/behrendt-city-limit-sign-widget\/images\/Ortsschild-mitte.png);\"><div class=\"shield-text-inner-wrapper\"><p class=\"shield-city-introduction\">Das spricht f\u00fcr<\/p><h4 class=\"shield-city-name\">Ahrensburg<\/h4><p class=\"shield-text\"><\/p><\/div><\/div><img decoding=\"async\" src=\"https:\/\/behrendt.hamburg\/332-ahrensburgermedian\/wp-content\/themes\/behrendt-ahrensburg332\/library\/so-widgets\/extra-widgets\/behrendt-city-limit-sign-widget\/images\/Ortsschild-unten.png\"><img decoding=\"async\" class=\"shield-stick\" src=\"https:\/\/behrendt.hamburg\/332-ahrensburgermedian\/wp-content\/themes\/behrendt-ahrensburg332\/library\/so-widgets\/extra-widgets\/behrendt-city-limit-sign-widget\/images\/Ortsschild-stange.png\"><\/div><\/div><\/div><\/div><div id=\"pgc-63-5-1\"  class=\"panel-grid-cell\" ><div id=\"panel-63-5-1-0\" class=\"so-panel widget widget_sow-editor panel-first-child panel-last-child\" data-index=\"7\" ><div class=\"panel-widget-style panel-widget-style-for-63-5-1-0\" ><div\n\t\t\t\n\t\t\tclass=\"so-widget-sow-editor so-widget-sow-editor-base\"\n\t\t\t\n\t\t>\n<div class=\"siteorigin-widget-tinymce textwidget\">\n\t<p>Warum jedes Jahr rund 800 Menschen zwischen 30 und 50 nach Ahrensburg ziehen? Weil vor allem Familien \u00fcberzeugt sind von Stadt und Umland. Denn Hamburgs sch\u00f6ne Schwester bietet alles, was man zum Leben braucht.<\/p>\n<p><strong>Schauen Sie sich gerne schon mal um. Nutzen Sie das interaktive 360\u00b0 Panorama und entdecken Sie die Umgebung des Ahrensburger Median 332.<\/strong><\/p>\n<\/div>\n<\/div><\/div><\/div><\/div><\/div><\/div><div id=\"pg-63-6\"  class=\"panel-grid panel-has-style\" ><div class=\"siteorigin-panels-stretch panel-row-style panel-row-style-for-63-6\" data-stretch-type=\"full-stretched\" ><div id=\"pgc-63-6-0\"  class=\"panel-grid-cell\" ><div id=\"panel-63-6-0-0\" class=\"so-panel widget widget_sow-editor panel-first-child panel-last-child\" data-index=\"8\" ><div id=\"panopress-wrapper\" class=\"panel-widget-style panel-widget-style-for-63-6-0-0\" ><div\n\t\t\t\n\t\t\tclass=\"so-widget-sow-editor so-widget-sow-editor-base\"\n\t\t\t\n\t\t>\n<div class=\"siteorigin-widget-tinymce textwidget\">\n\t\n<!-- PanoPress [1.3] -->\n<div class=\"pp-embed\" style=\"position:relative;\">\n<div id=\"pp_0\" style=\"width:100%; height:600px\"><p><\/p><\/div>\n<script type=\"text\/javascript\">panopress.embed({\"id\":\"pp_0\",\"type\":\"html\",\"version\":\"4.0\",\"viewer\":null,\"width\":\"100%\",\"height\":\"600px\",\"title\":null,\"alt\":null,\"button\":false,\"panobox\":false,\"preview\":\"\",\"file\":\"https:\\\/\\\/behrendt.hamburg\\\/332-ahrensburgermedian\\\/wp-content\\\/uploads\\\/sites\\\/28\\\/panorama\\\/index.html\",\"params\":{\"base\":\"https:\\\/\\\/behrendt.hamburg\\\/332-ahrensburgermedian\\\/wp-content\\\/uploads\\\/sites\\\/28\\\/panorama\\\/\"}})<\/script>\n<noscript><div class=\"pp-error-msg\"><strong>Error<\/strong><br\/>Javascript not activated<\/div><\/noscript>\n<\/div>\n<!-- \/PanoPress -->\n<\/div>\n<\/div><\/div><\/div><\/div><\/div><\/div><div id=\"pg-63-7\"  class=\"panel-grid panel-no-style\" ><div id=\"pgc-63-7-0\"  class=\"panel-grid-cell\" ><div id=\"panel-63-7-0-0\" class=\"so-panel widget widget_behrendt-headline-section-widget panel-first-child panel-last-child\" data-index=\"9\" ><div\n\t\t\t\n\t\t\tclass=\"so-widget-behrendt-headline-section-widget so-widget-behrendt-headline-section-widget-default-c655ee8edb64-63\"\n\t\t\t\n\t\t>\n<div class=\"has-no-image\">\n\n<h3 id=\"headline-69eb75ebc16d0\">Die Anlage<\/h3>\n<div class=\"border\"><\/div>\n\n\n<\/div><\/div><\/div><\/div><\/div><div id=\"pg-63-8\"  class=\"panel-grid panel-has-style\" ><div class=\"siteorigin-panels-stretch panel-row-style panel-row-style-for-63-8\" data-stretch-type=\"full-stretched\" ><div id=\"pgc-63-8-0\"  class=\"panel-grid-cell\" ><div id=\"panel-63-8-0-0\" class=\"so-panel widget widget_behrendt-info-map-widget panel-first-child panel-last-child\" data-index=\"10\" ><div\n\t\t\t\n\t\t\tclass=\"so-widget-behrendt-info-map-widget so-widget-behrendt-info-map-widget-default-5eb8a3575b2b-63\"\n\t\t\t\n\t\t>\n<div class=\"parallax-wrapper\">\n\n    <div class=\"info-map-wrapper hidden-xs\" style=\"background-image: url(https:\/\/behrendt.hamburg\/332-ahrensburgermedian\/wp-content\/uploads\/sites\/28\/2019\/08\/332-legend.jpg);\" data-type=\"\" data-speed=\"-0.85\">\n\n        <div class=\"map-legend\" data-aos=\"fade-right\" data-aos-once=\"true\" data-aos-duration=\"600\" data-aos-easing=\"ease-in-cubic\" data-aos-anchor-placement=\"top-bottom\" data-aos-delay=\"200\">\n\n            <div class=\"container\">\n\n                <div class=\"row\">\n\n                    <div class=\"col-md-7\">\n\n                        <div class=\"map-legend-inner\">\n\n                            <div class=\"headline-text\">\n\t\t\t\t\t\t\t    <span style=\"font-family: 'Poppins',sans-serif;font-weight: 300\">Neuer Lebensmittelpunkt in der<\/span>  <span style=\"font-family: 'Poppins',sans-serif;font-weight: 700\">Hamburger Metropolregion<\/span>                            <\/div>\n\n                            <div class=\"info-text\">\n\t\t\t\t\t\t\t    <p><span style=\"font-size: 14px; line-height: 2.1em;\">Als Lebensmittelpunkt in einer florierenden Stadt der Hamburger Metropolregion bietet Ihnen das Quartier ein <strong>komfortables, modernes und entspanntes Wohnen<\/strong>.<\/span><\/p>\n<p><span style=\"font-size: 14px; line-height: 2.1em;\">Die attraktiven Mietwohnungen verf\u00fcgen jeweils \u00fcber 2 bis 4 Zimmer, wahlweise mit <strong>Balkon, Loggia, Dachterrasse oder Terrasse<\/strong>. Nat\u00fcrlich alle mit bester Verarbeitung, zeitgem\u00e4\u00dfer Raumaufteilung und hochwertiger Ausstattung. Typisch Behrendt eben.<\/span><\/p>\n                            <\/div>\n\n                        <\/div>\n\n                    <\/div>\n\n                    <div class=\"col-md-5\">\n                    <\/div>\n\n                <\/div>\n\n            <\/div>\n\n        <\/div>\n\n        <div class=\"wind-rose\">\n            <img decoding=\"async\" src=\"https:\/\/behrendt.hamburg\/332-ahrensburgermedian\/wp-content\/themes\/behrendt-ahrensburg332\/images\/windrose.png\">\n        <\/div>\n\n    <\/div>\n\n    <div class=\"map-legend visible-xs\" data-aos=\"fade-right\" data-aos-once=\"true\" data-aos-duration=\"600\" data-aos-easing=\"ease-in-cubic\" data-aos-anchor-placement=\"top-bottom\" data-aos-delay=\"200\">\n\n        <div class=\"container\">\n\n            <div class=\"row\">\n\n                <div class=\"col-md-7\">\n\n                    <div class=\"map-legend-inner\">\n\n                        <div class=\"headline-text\">\n\t\t\t\t\t\t\t<span style=\"font-family: 'Poppins',sans-serif;font-weight: 300\">Neuer Lebensmittelpunkt in der<\/span>  <span style=\"font-family: 'Poppins',sans-serif;font-weight: 700\">Hamburger Metropolregion<\/span>                        <\/div>\n\n                        <div class=\"info-text\">\n\t\t\t\t\t\t\t<p><span style=\"font-size: 14px; line-height: 2.1em;\">Als Lebensmittelpunkt in einer florierenden Stadt der Hamburger Metropolregion bietet Ihnen das Quartier ein <strong>komfortables, modernes und entspanntes Wohnen<\/strong>.<\/span><\/p>\n<p><span style=\"font-size: 14px; line-height: 2.1em;\">Die attraktiven Mietwohnungen verf\u00fcgen jeweils \u00fcber 2 bis 4 Zimmer, wahlweise mit <strong>Balkon, Loggia, Dachterrasse oder Terrasse<\/strong>. Nat\u00fcrlich alle mit bester Verarbeitung, zeitgem\u00e4\u00dfer Raumaufteilung und hochwertiger Ausstattung. Typisch Behrendt eben.<\/span><\/p>\n                        <\/div>\n\n                    <\/div>\n\n                <\/div>\n\n                <div class=\"col-md-5\">\n                <\/div>\n\n            <\/div>\n\n        <\/div>\n\n    <\/div>\n\n    <div class=\"mobile-map-wrapper visible-xs\">\n\n\t    <img loading=\"lazy\" decoding=\"async\" width=\"1920\" height=\"1335\" src=\"https:\/\/behrendt.hamburg\/332-ahrensburgermedian\/wp-content\/uploads\/sites\/28\/2019\/08\/332-legend.jpg\" class=\"img-responsive\" alt=\"\" srcset=\"https:\/\/behrendt.hamburg\/332-ahrensburgermedian\/wp-content\/uploads\/sites\/28\/2019\/08\/332-legend.jpg 1920w, https:\/\/behrendt.hamburg\/332-ahrensburgermedian\/wp-content\/uploads\/sites\/28\/2019\/08\/332-legend-300x209.jpg 300w, https:\/\/behrendt.hamburg\/332-ahrensburgermedian\/wp-content\/uploads\/sites\/28\/2019\/08\/332-legend-768x534.jpg 768w, https:\/\/behrendt.hamburg\/332-ahrensburgermedian\/wp-content\/uploads\/sites\/28\/2019\/08\/332-legend-1024x712.jpg 1024w\" sizes=\"auto, (max-width: 1920px) 100vw, 1920px\" \/>\n        <div class=\"wind-rose\">\n            <img decoding=\"async\" src=\"https:\/\/behrendt.hamburg\/332-ahrensburgermedian\/wp-content\/themes\/behrendt-ahrensburg332\/images\/windrose.png\">\n        <\/div>\n\n    <\/div>\n\n<\/div>\n<\/div><\/div><\/div><\/div><\/div><div id=\"pg-63-9\"  class=\"panel-grid panel-no-style\" ><div id=\"pgc-63-9-0\"  class=\"panel-grid-cell\" ><div id=\"panel-63-9-0-0\" class=\"so-panel widget widget_behrendt-headline-widget panel-first-child\" data-index=\"11\" ><div\n\t\t\t\n\t\t\tclass=\"so-widget-behrendt-headline-widget so-widget-behrendt-headline-widget-default-cb92922aa60c-63\"\n\t\t\t\n\t\t><h4><span style=\"font-weight: 300\">Unser Angebot, Ihr neues Zuhause.<\/span>\n<br \/>\n<span style=\"font-weight: 700\">Alle Wohnungen im \u00dcberblick:<\/span><\/h4><\/div><\/div><div id=\"panel-63-9-0-1\" class=\"so-panel widget widget_fsm-bg-openimmo-collapsible\" data-index=\"12\" ><div\n\t\t\t\n\t\t\tclass=\"so-widget-fsm-bg-openimmo-collapsible so-widget-fsm-bg-openimmo-collapsible-base\"\n\t\t\t\n\t\t>\n\n\n    <div class=\"panel-group flat_types_living\" id=\"accordion\" role=\"tablist\" aria-multiselectable=\"true\">\n\n\t\t    <\/div>\n    <\/div>\n    <\/div>\n<\/div><\/div><div id=\"panel-63-9-0-2\" class=\"so-panel widget widget_text panel-last-child\" data-index=\"13\" >\t\t\t<div class=\"textwidget\"><script type='text\/javascript'>var preFilteredSettings = {\"projectExternalIds\":[\"332\"]};<\/script><link rel='stylesheet' href='https:\/\/behrendt.hamburg\/332-ahrensburgermedian\/wp-content\/plugins\/lb-behrendt-wohnungsfinder\/js\/wohnungsfinder-mieten\/styles.css?v=live-172'>\n            <app-root><\/app-root>\n\n            <script src='https:\/\/behrendt.hamburg\/332-ahrensburgermedian\/wp-content\/plugins\/lb-behrendt-wohnungsfinder\/js\/wohnungsfinder-mieten\/polyfills-es5.js?v=live-172' nomodule><\/script>\n            <script src='https:\/\/behrendt.hamburg\/332-ahrensburgermedian\/wp-content\/plugins\/lb-behrendt-wohnungsfinder\/js\/wohnungsfinder-mieten\/polyfills-es2015.js?v=live-172' type='module'><\/script>\n            <script src='https:\/\/behrendt.hamburg\/332-ahrensburgermedian\/wp-content\/plugins\/lb-behrendt-wohnungsfinder\/js\/wohnungsfinder-mieten\/runtime-es2015.js?v=live-172' type='module'><\/script>\n            <script src='https:\/\/behrendt.hamburg\/332-ahrensburgermedian\/wp-content\/plugins\/lb-behrendt-wohnungsfinder\/js\/wohnungsfinder-mieten\/main-es2015.js?v=live-172' type='module'><\/script>\n            <script src='https:\/\/behrendt.hamburg\/332-ahrensburgermedian\/wp-content\/plugins\/lb-behrendt-wohnungsfinder\/js\/wohnungsfinder-mieten\/runtime-es5.js?v=live-172' nomodule><\/script>\n            <script src='https:\/\/behrendt.hamburg\/332-ahrensburgermedian\/wp-content\/plugins\/lb-behrendt-wohnungsfinder\/js\/wohnungsfinder-mieten\/main-es5.js?v=live-172' nomodule><\/script>\n<\/div>\n\t\t<\/div><\/div><\/div><\/div>","protected":false},"excerpt":{"rendered":"<p>In Ahrensburg l\u00e4sst sich\u2019s leben. Denn hier kann man fast alles machen, ohne es zu m\u00fcssen. Lust auf Gro\u00dfstadt? Ab nach Hamburg. Seeluft schnuppern? In einer halben Stunde stehen Sie an der Ostsee. Oder doch lieber Reiten, Shoppen, Golfen, Pilze sammeln, Fahrradtour machen oder einfach nur entspannen &#8230; Hier, vor den Toren Hamburgs, entsteht ein [&hellip;]<\/p>\n","protected":false},"author":27,"featured_media":571,"parent":0,"menu_order":0,"comment_status":"closed","ping_status":"closed","template":"page-full-width.php","meta":{"footnotes":""},"class_list":["post-63","page","type-page","status-publish","has-post-thumbnail","hentry"],"_links":{"self":[{"href":"https:\/\/behrendt.hamburg\/332-ahrensburgermedian\/wp-json\/wp\/v2\/pages\/63","targetHints":{"allow":["GET"]}}],"collection":[{"href":"https:\/\/behrendt.hamburg\/332-ahrensburgermedian\/wp-json\/wp\/v2\/pages"}],"about":[{"href":"https:\/\/behrendt.hamburg\/332-ahrensburgermedian\/wp-json\/wp\/v2\/types\/page"}],"author":[{"embeddable":true,"href":"https:\/\/behrendt.hamburg\/332-ahrensburgermedian\/wp-json\/wp\/v2\/users\/27"}],"replies":[{"embeddable":true,"href":"https:\/\/behrendt.hamburg\/332-ahrensburgermedian\/wp-json\/wp\/v2\/comments?post=63"}],"version-history":[{"count":0,"href":"https:\/\/behrendt.hamburg\/332-ahrensburgermedian\/wp-json\/wp\/v2\/pages\/63\/revisions"}],"wp:featuredmedia":[{"embeddable":true,"href":"https:\/\/behrendt.hamburg\/332-ahrensburgermedian\/wp-json\/wp\/v2\/media\/571"}],"wp:attachment":[{"href":"https:\/\/behrendt.hamburg\/332-ahrensburgermedian\/wp-json\/wp\/v2\/media?parent=63"}],"curies":[{"name":"wp","href":"https:\/\/api.w.org\/{rel}","templated":true}]}}