{"id":1099,"date":"2017-05-29T10:03:44","date_gmt":"2017-05-29T08:03:44","guid":{"rendered":"http:\/\/326mittealtona.behrendt.hamburg\/?page_id=2"},"modified":"2019-05-15T11:27:06","modified_gmt":"2019-05-15T09:27:06","slug":"start","status":"publish","type":"page","link":"https:\/\/behrendt.hamburg\/326-mittealtona\/","title":{"rendered":"Start"},"content":{"rendered":"<div id=\"pl-1099\"  class=\"panel-layout\" ><div id=\"pg-1099-0\"  class=\"panel-grid panel-no-style\" ><div id=\"pgc-1099-0-0\"  class=\"panel-grid-cell panel-grid-cell-empty\" ><\/div><div id=\"pgc-1099-0-1\"  class=\"panel-grid-cell panel-grid-cell-mobile-last\" ><div id=\"panel-1099-0-1-0\" class=\"so-panel widget widget_sow-editor panel-first-child\" data-index=\"0\" ><div\n\t\t\t\n\t\t\tclass=\"so-widget-sow-editor so-widget-sow-editor-base\"\n\t\t\t\n\t\t>\n<div class=\"siteorigin-widget-tinymce textwidget\">\n\t<p style=\"text-align: center;\">Mittendrin im spannendsten und vielf\u00e4ltigsten Teil der Hansestadt entsteht ein v\u00f6llig neues Viertel: die Mitte Altona. Wir sind stolz, diese Entwicklung von Anfang mitgestaltet zu haben. Fasziniert von den Gegens\u00e4tzen, die sich hier verbinden: drei Stadtviertel, Historie und Moderne, Eigentum und Mietwohnungen, Gro\u00dfstadt und Gr\u00fcn und vieles mehr. Doch durch das neue Viertel ist Altona vor allem eins:<\/p>\n<\/div>\n<\/div><\/div><div id=\"panel-1099-0-1-1\" class=\"so-panel widget widget_behrendt-headline-widget panel-last-child\" data-index=\"1\" ><div class=\"panel-widget-style panel-widget-style-for-1099-0-1-1\" ><div\n\t\t\t\n\t\t\tclass=\"so-widget-behrendt-headline-widget so-widget-behrendt-headline-widget-default-8311f5c9e8fe-1099\"\n\t\t\t\n\t\t><h4>Im Herzen verbunden. <\/h4><\/div><\/div><\/div><\/div><div id=\"pgc-1099-0-2\"  class=\"panel-grid-cell panel-grid-cell-empty\" ><\/div><\/div><div id=\"pg-1099-1\"  class=\"panel-grid panel-no-style\" ><div id=\"pgc-1099-1-0\"  class=\"panel-grid-cell\" ><div id=\"panel-1099-1-0-0\" class=\"so-panel widget widget_behrendt-fullwidth-parallax-widget panel-first-child panel-last-child\" data-index=\"2\" ><div\n\t\t\t\n\t\t\tclass=\"so-widget-behrendt-fullwidth-parallax-widget so-widget-behrendt-fullwidth-parallax-widget-default-bf6b6d209147-1099\"\n\t\t\t\n\t\t>\n    <div class=\"parallax-overlay-mobile\">\n\t\t<p style=\"text-align: center;\"><span class=\"bg-text-shortcode\" style=\"color: #fff;background-color: #58585a;\">Altona braucht keine Werbung.<\/span> Die Verkehrsanbindung? Klar ist die perfekt. Infrastruktur? Sicher ist hier alles um die Ecke. Umgebung? Nat\u00fcrlich ist die Elbe nah und der Park direkt vor der Haust\u00fcr. Kein Wunder also, dass so viele hier wohnen wollen.<\/p>    <\/div>\n\n<div id=\"fullwidth-parallax-wrapper-237fa80c-2b0b-4d76-965d-52118017d53e\" class=\"fullwidth-parallax-wrapper\">\n\n    <div class=\"fullwidth-parallax\">\n\n                    <div class=\"parallax-overlay-desktop text-top\">\n                <p style=\"text-align: center;\"><span class=\"bg-text-shortcode\" style=\"color: #fff;background-color: #58585a;\">Altona braucht keine Werbung.<\/span> Die Verkehrsanbindung? Klar ist die perfekt. Infrastruktur? Sicher ist hier alles um die Ecke. Umgebung? Nat\u00fcrlich ist die Elbe nah und der Park direkt vor der Haust\u00fcr. Kein Wunder also, dass so viele hier wohnen wollen.<\/p>            <\/div>\n        \n        <div class=\"parallax-clipper\">\n            <div class=\"parallax-image\" style=\"background-image: url( https:\/\/behrendt.hamburg\/326-mittealtona\/wp-content\/uploads\/sites\/9\/2017\/05\/325.326.Hofansicht_09.FINAL-Wiederhergestellt.jpg );\"><\/div>\n            <!-- <div class=\"parallax-image-ios-fix\" style=\"background-image: url( https:\/\/behrendt.hamburg\/326-mittealtona\/wp-content\/uploads\/sites\/9\/2017\/05\/325.326.Hofansicht_09.FINAL-Wiederhergestellt.jpg );\"><\/div> -->\n        <\/div>\n\n    <\/div>\n\n<\/div>\n<\/div><\/div><\/div><\/div><div id=\"pg-1099-2\"  class=\"panel-grid panel-has-style\" ><div id=\"absolute_row\" class=\"panel-row-style panel-row-style-for-1099-2\" ><div id=\"pgc-1099-2-0\"  class=\"panel-grid-cell\" ><div class=\"absolute-cell panel-cell-style panel-cell-style-for-1099-2-0\" ><div id=\"panel-1099-2-0-0\" class=\"so-panel widget widget_behrendt-headline-widget panel-first-child\" data-index=\"3\" ><div class=\"panel-widget-style panel-widget-style-for-1099-2-0-0\" ><div\n\t\t\t\n\t\t\tclass=\"so-widget-behrendt-headline-widget so-widget-behrendt-headline-widget-default-1c6ded9be4cb-1099\"\n\t\t\t\n\t\t><h4>Das Wohnquartier\nMitte Altona 326 im \u00dcberblick: <\/h4><\/div><\/div><\/div><div id=\"panel-1099-2-0-1\" class=\"so-panel widget widget_sow-editor\" data-index=\"4\" ><div\n\t\t\t\n\t\t\tclass=\"so-widget-sow-editor so-widget-sow-editor-base\"\n\t\t\t\n\t\t>\n<div class=\"siteorigin-widget-tinymce textwidget\">\n\t<p style=\"text-align: center;\">In der Harkortstra\u00dfe, zwischen historischen Fassaden und der renovierten G\u00fcterbahnhofshalle entsteht ein neues Wohnquartier mit ca. 1600 Wohnungen. Direkt am Tor zum neuen Quartier errichtet die BEHRENDT GRUPPE gerade die MITTE ALTONA 326.<br \/> Hier erwarten Sie 37 moderne und individuelle Eigentumswohnungen in bester Lage des Viertels.<\/p>\n<\/div>\n<\/div><\/div><div id=\"panel-1099-2-0-2\" class=\"so-panel widget widget_behrendt-features-widget panel-last-child\" data-index=\"5\" ><div\n\t\t\t\n\t\t\tclass=\"so-widget-behrendt-features-widget so-widget-behrendt-features-widget-default-40cd750bba98-1099\"\n\t\t\t\n\t\t><ul><li><p>37 moderne Eigentumswohnungen <\/p><\/li><li><p>Wohnraum von 50 bis 140m\u00b2<\/p><\/li><li><p>Parkanlagen im Innenhof und vor der T\u00fcr<\/p><\/li><li><p>Mit Fahrrad- und Tiefgaragenstellpl\u00e4tzen <\/p><\/li><li><p>Hanseatische Geb\u00e4udegestaltung mit Rotklinker<\/p><\/li><li><p>Balkon oder Terrasse mit Garten im Erdgeschoss<\/p><\/li><\/ul><\/div><\/div><\/div><\/div><\/div><\/div><div id=\"pg-1099-3\"  class=\"panel-grid panel-no-style\" ><div id=\"pgc-1099-3-0\"  class=\"panel-grid-cell\" ><div id=\"panel-1099-3-0-0\" class=\"so-panel widget widget_behrendt-fullwidth-parallax-widget panel-first-child panel-last-child\" data-index=\"6\" ><div\n\t\t\t\n\t\t\tclass=\"so-widget-behrendt-fullwidth-parallax-widget so-widget-behrendt-fullwidth-parallax-widget-default-4d0eb3d9222e-1099\"\n\t\t\t\n\t\t>\n    <div class=\"parallax-overlay-mobile\">\n\t\t<h4 style=\"\tpadding: 50px 20px;\"><span style=\"color: #fff;background-color: #fe44c4;\tbox-shadow: 5px 0 0 #fe44c4, -5px 0 0 #fe44c4;\" class=\"colored-bg\">Ihr Herz schl\u00e4gt f\u00fcr Altona? <br \/> Machen Sie den n\u00e4chsten Schritt<\/span><\/h4>    <\/div>\n\n<div id=\"fullwidth-parallax-wrapper-2606db96-52a1-44a0-908b-f35ac087ebf2\" class=\"fullwidth-parallax-wrapper\">\n\n    <div class=\"fullwidth-parallax\">\n\n                    <div class=\"parallax-overlay-desktop text-bottom\">\n                <h4 style=\"\tpadding: 50px 20px;\"><span style=\"color: #fff;background-color: #fe44c4;\tbox-shadow: 5px 0 0 #fe44c4, -5px 0 0 #fe44c4;\" class=\"colored-bg\">Ihr Herz schl\u00e4gt f\u00fcr Altona? <br \/> Machen Sie den n\u00e4chsten Schritt<\/span><\/h4>            <\/div>\n        \n        <div class=\"parallax-clipper\">\n            <div class=\"parallax-image\" style=\"background-image: url( https:\/\/behrendt.hamburg\/326-mittealtona\/wp-content\/uploads\/sites\/9\/2017\/05\/150827_behrendtgruppe_harkortstrasse_-Wiederhergestellt-2.jpg );\"><\/div>\n            <!-- <div class=\"parallax-image-ios-fix\" style=\"background-image: url( https:\/\/behrendt.hamburg\/326-mittealtona\/wp-content\/uploads\/sites\/9\/2017\/05\/150827_behrendtgruppe_harkortstrasse_-Wiederhergestellt-2.jpg );\"><\/div> -->\n        <\/div>\n\n    <\/div>\n\n<\/div>\n<\/div><\/div><\/div><\/div><div id=\"pg-1099-4\"  class=\"panel-grid panel-no-style\" ><div id=\"pgc-1099-4-0\"  class=\"panel-grid-cell\" ><div id=\"panel-1099-4-0-0\" class=\"so-panel widget widget_sow-image panel-first-child panel-last-child\" data-index=\"7\" ><div class=\"bordered-image panel-widget-style panel-widget-style-for-1099-4-0-0\" ><div\n\t\t\t\n\t\t\tclass=\"so-widget-sow-image so-widget-sow-image-default-d6014b76747a-1099\"\n\t\t\t\n\t\t>\n\n<div class=\"sow-image-container\">\n\t\t<img decoding=\"async\" src=\"https:\/\/behrendt.hamburg\/326-mittealtona\/wp-content\/uploads\/sites\/9\/2017\/05\/326_augo.jpg\" width=\"1200\" height=\"1418\" sizes=\"auto, (max-width: 1200px) 100vw, 1200px\" title=\"Mitten in der Mitte\" alt=\"\" loading=\"lazy\" \t\tclass=\"so-widget-image\"\/>\n\t<\/div>\n\n<h3 class=\"widget-title\">Mitten in der Mitte<\/h3><\/div><\/div><\/div><\/div><div id=\"pgc-1099-4-1\"  class=\"panel-grid-cell\" ><div id=\"panel-1099-4-1-0\" class=\"so-panel widget widget_sow-image panel-first-child panel-last-child\" data-index=\"8\" ><div class=\"bordered-image panel-widget-style panel-widget-style-for-1099-4-1-0\" ><div\n\t\t\t\n\t\t\tclass=\"so-widget-sow-image so-widget-sow-image-default-d6014b76747a-1099\"\n\t\t\t\n\t\t>\n\n<div class=\"sow-image-container\">\n\t\t<img decoding=\"async\" src=\"https:\/\/behrendt.hamburg\/326-mittealtona\/wp-content\/uploads\/sites\/9\/2017\/05\/326_aufteil-1.jpg\" width=\"1200\" height=\"1418\" sizes=\"auto, (max-width: 1200px) 100vw, 1200px\" title=\"letzter verf\u00fcgbarer Bauabschnitt\" alt=\"\" loading=\"lazy\" \t\tclass=\"so-widget-image\"\/>\n\t<\/div>\n\n<h3 class=\"widget-title\">letzter verf\u00fcgbarer Bauabschnitt<\/h3><\/div><\/div><\/div><\/div><\/div><div id=\"pg-1099-5\"  class=\"panel-grid panel-no-style\" ><div id=\"pgc-1099-5-0\"  class=\"panel-grid-cell\" ><div id=\"panel-1099-5-0-0\" class=\"so-panel widget widget_sow-editor panel-first-child\" data-index=\"9\" ><div\n\t\t\t\n\t\t\tclass=\"so-widget-sow-editor so-widget-sow-editor-base\"\n\t\t\t\n\t\t>\n<div class=\"siteorigin-widget-tinymce textwidget\">\n\t<p style=\"text-align: center;\">Wer hier kauft, macht alles richtig. Unsere Wohnungen in der MITTE ALTONA 326 bieten eine hervorragende Verarbeitung, verschiedene praktische Grundrisse und eine hochwertige Ausstattung. Mit einer attraktiven Immobilie in diesem zukunftsweisenden Stadtteil sichern Sie sich eine traumhafte Neubauwohnung zum Einziehen, die genauso als Kapitalanlage \u00fcberzeugt. Begehrte Lage, beste Qualit\u00e4t, typisch Behrendt.<\/p>\n<p style=\"text-align: center;\">Sie interessieren Sich f\u00fcr eine unserer Wohnungen?<br \/>\nWir sind gerne f\u00fcr Sie da!<\/p>\n<\/div>\n<\/div><\/div><div id=\"panel-1099-5-0-1\" class=\"so-panel widget widget_behrendt-flats-widget panel-last-child\" data-index=\"10\" ><div\n\t\t\t\n\t\t\tclass=\"so-widget-behrendt-flats-widget so-widget-behrendt-flats-widget-default-40cd750bba98-1099\"\n\t\t\t\n\t\t><div class=\"panel-group\" id=\"accordion\" role=\"tablist\" aria-multiselectable=\"true\"><\/div><\/div><\/div><\/div><\/div><div id=\"pg-1099-6\"  class=\"panel-grid panel-no-style\" ><div id=\"pgc-1099-6-0\"  class=\"panel-grid-cell\" ><div id=\"panel-1099-6-0-0\" class=\"so-panel widget widget_sow-editor panel-first-child panel-last-child\" data-index=\"11\" ><div\n\t\t\t\n\t\t\tclass=\"so-widget-sow-editor so-widget-sow-editor-base\"\n\t\t\t\n\t\t>\n<div class=\"siteorigin-widget-tinymce textwidget\">\n\t<hr style=\"border-color: #58585a;\"\/>\n<\/div>\n<\/div><\/div><\/div><\/div><div id=\"pg-1099-7\"  class=\"panel-grid panel-no-style\" ><div id=\"pgc-1099-7-0\"  class=\"panel-grid-cell\" ><div id=\"panel-1099-7-0-0\" class=\"so-panel widget widget_behrendt-headline-widget panel-first-child\" data-index=\"12\" ><div class=\"panel-widget-style panel-widget-style-for-1099-7-0-0\" ><div\n\t\t\t\n\t\t\tclass=\"so-widget-behrendt-headline-widget so-widget-behrendt-headline-widget-default-04a66c5f2b89-1099\"\n\t\t\t\n\t\t><h4>Welcher Stil passt zu Ihnen?<\/h4><\/div><\/div><\/div><div id=\"panel-1099-7-0-1\" class=\"so-panel widget widget_sow-editor panel-last-child\" data-index=\"13\" ><div\n\t\t\t\n\t\t\tclass=\"so-widget-sow-editor so-widget-sow-editor-base\"\n\t\t\t\n\t\t>\n<div class=\"siteorigin-widget-tinymce textwidget\">\n\t<div data-aos=\"fade-up\" data-aos-once=\"true\" data-aos-duration=\"1000\" data-aos-easing=\"ease-in-quad\" data-aos-anchor-placement=\"top-bottom\" data-aos-delay=\"100\">\n<p style=\"text-align: center;\">Kein Juwel, ohne Feinschliff. Mit den BEHRENDT-Designlinien k\u00f6nnen Sie die Innenausstattung Ihrer Wohnung in den drei zeitlos sch\u00f6nen Linien MY HOME, LIVING CITY oder PURE NATURE ausgestalten. Wir beraten Sie gern!<\/p>\n<\/div>\n<\/div>\n<\/div><\/div><\/div><\/div><div id=\"pg-1099-8\"  class=\"panel-grid panel-no-style\" ><div id=\"pgc-1099-8-0\"  class=\"panel-grid-cell\" ><div id=\"panel-1099-8-0-0\" class=\"so-panel widget widget_sow-editor panel-first-child panel-last-child\" data-index=\"14\" ><div\n\t\t\t\n\t\t\tclass=\"so-widget-sow-editor so-widget-sow-editor-base\"\n\t\t\t\n\t\t>\n<div class=\"siteorigin-widget-tinymce textwidget\">\n\t<div class=\"canvas-container\">\n    <iframe src=\"https:\/\/behrendt.hamburg\/bg\/\"><\/iframe>\n<\/div>\n<\/div>\n<\/div><\/div><\/div><\/div><div id=\"pg-1099-9\"  class=\"panel-grid panel-no-style\" ><div id=\"pgc-1099-9-0\"  class=\"panel-grid-cell\" ><div id=\"panel-1099-9-0-0\" class=\"so-panel widget widget_behrendt-designlines-widget panel-first-child panel-last-child\" data-index=\"15\" ><div\n\t\t\t\n\t\t\tclass=\"so-widget-behrendt-designlines-widget so-widget-behrendt-designlines-widget-default-8eb4a7f7dd9a-1099\"\n\t\t\t\n\t\t><div class=\"designline-widget\"><div class=\"designline-top\"><h4>Living City<\/h4><\/div><div class=\"designline-bottom\"><div class=\"designline-text\">Moderne &amp; gradlinige Formensprache erzeugt urbanes Ambiente<\/div><div class=\"designline-image\"><a href=\"https:\/\/behrendt.hamburg\/326-mittealtona\/wp-content\/uploads\/sites\/9\/2019\/05\/BEHRENDT-Designlinien-04-2019.pdf#page=4\" target=\"_blank\"><\/a><\/div><\/div><\/div><\/div><\/div><\/div><div id=\"pgc-1099-9-1\"  class=\"panel-grid-cell\" ><div id=\"panel-1099-9-1-0\" class=\"so-panel widget widget_behrendt-designlines-widget panel-first-child panel-last-child\" data-index=\"16\" ><div\n\t\t\t\n\t\t\tclass=\"so-widget-behrendt-designlines-widget so-widget-behrendt-designlines-widget-default-5d5f09ca3e6d-1099\"\n\t\t\t\n\t\t><div class=\"designline-widget\"><div class=\"designline-top\"><h4>Pure nature<\/h4><\/div><div class=\"designline-bottom\"><div class=\"designline-text\">Nat\u00fcrliche Formen &amp; Farben schaffen harmonische Ruhe<\/div><div class=\"designline-image\"><a href=\"https:\/\/behrendt.hamburg\/326-mittealtona\/wp-content\/uploads\/sites\/9\/2019\/05\/BEHRENDT-Designlinien-04-2019.pdf#page=14\" target=\"_blank\"><\/a><\/div><\/div><\/div><\/div><\/div><\/div><div id=\"pgc-1099-9-2\"  class=\"panel-grid-cell\" ><div id=\"panel-1099-9-2-0\" class=\"so-panel widget widget_behrendt-designlines-widget panel-first-child panel-last-child\" data-index=\"17\" ><div\n\t\t\t\n\t\t\tclass=\"so-widget-behrendt-designlines-widget so-widget-behrendt-designlines-widget-default-c936a7a95a1d-1099\"\n\t\t\t\n\t\t><div class=\"designline-widget\"><div class=\"designline-top\"><h4>My Home<\/h4><\/div><div class=\"designline-bottom\"><div class=\"designline-text\">Klare Konturen &amp; Kontraste vermitteln Geborgenheit<\/div><div class=\"designline-image\"><a href=\"https:\/\/behrendt.hamburg\/326-mittealtona\/wp-content\/uploads\/sites\/9\/2019\/05\/BEHRENDT-Designlinien-04-2019.pdf#page=24\" target=\"_blank\"><\/a><\/div><\/div><\/div><\/div><\/div><\/div><\/div><\/div>","protected":false},"excerpt":{"rendered":"<p>Mittendrin im spannendsten und vielf\u00e4ltigsten Teil der Hansestadt entsteht ein v\u00f6llig neues Viertel: die Mitte Altona. Wir sind stolz, diese Entwicklung von Anfang mitgestaltet zu haben. Fasziniert von den Gegens\u00e4tzen, die sich hier verbinden: drei Stadtviertel, Historie und Moderne, Eigentum und Mietwohnungen, Gro\u00dfstadt und Gr\u00fcn und vieles mehr. Doch durch das neue Viertel ist Altona [&hellip;]<\/p>\n","protected":false},"author":1,"featured_media":1126,"parent":0,"menu_order":0,"comment_status":"closed","ping_status":"closed","template":"","meta":{"footnotes":""},"class_list":["post-1099","page","type-page","status-publish","has-post-thumbnail","hentry"],"_links":{"self":[{"href":"https:\/\/behrendt.hamburg\/326-mittealtona\/wp-json\/wp\/v2\/pages\/1099","targetHints":{"allow":["GET"]}}],"collection":[{"href":"https:\/\/behrendt.hamburg\/326-mittealtona\/wp-json\/wp\/v2\/pages"}],"about":[{"href":"https:\/\/behrendt.hamburg\/326-mittealtona\/wp-json\/wp\/v2\/types\/page"}],"author":[{"embeddable":true,"href":"https:\/\/behrendt.hamburg\/326-mittealtona\/wp-json\/wp\/v2\/users\/1"}],"replies":[{"embeddable":true,"href":"https:\/\/behrendt.hamburg\/326-mittealtona\/wp-json\/wp\/v2\/comments?post=1099"}],"version-history":[{"count":0,"href":"https:\/\/behrendt.hamburg\/326-mittealtona\/wp-json\/wp\/v2\/pages\/1099\/revisions"}],"wp:featuredmedia":[{"embeddable":true,"href":"https:\/\/behrendt.hamburg\/326-mittealtona\/wp-json\/wp\/v2\/media\/1126"}],"wp:attachment":[{"href":"https:\/\/behrendt.hamburg\/326-mittealtona\/wp-json\/wp\/v2\/media?parent=1099"}],"curies":[{"name":"wp","href":"https:\/\/api.w.org\/{rel}","templated":true}]}}