{"id":1033,"date":"2017-05-29T10:03:44","date_gmt":"2017-05-29T08:03:44","guid":{"rendered":"http:\/\/297mittealtona.behrendt.hamburg\/?page_id=2"},"modified":"2019-01-16T13:09:15","modified_gmt":"2019-01-16T12:09:15","slug":"start","status":"publish","type":"page","link":"https:\/\/behrendt.hamburg\/297-mittealtona\/","title":{"rendered":"Start"},"content":{"rendered":"<div id=\"pl-1033\"  class=\"panel-layout\" ><div id=\"pg-1033-0\"  class=\"panel-grid panel-no-style\" ><div id=\"pgc-1033-0-0\"  class=\"panel-grid-cell panel-grid-cell-empty\" ><\/div><div id=\"pgc-1033-0-1\"  class=\"panel-grid-cell panel-grid-cell-mobile-last\" ><div id=\"panel-1033-0-1-0\" class=\"so-panel widget widget_sow-editor panel-first-child\" data-index=\"0\" ><div\n\t\t\t\n\t\t\tclass=\"so-widget-sow-editor so-widget-sow-editor-base\"\n\t\t\t\n\t\t>\n<div class=\"siteorigin-widget-tinymce textwidget\">\n\t<p style=\"text-align: center;\">Mittendrin im spannendsten und vielf\u00e4ltigsten Teil der Hansestadt entsteht ein v\u00f6llig neues Viertel: die Mitte Altona. Fasziniert von den Gegens\u00e4tzen, die sich hier verbinden: drei Stadtviertel, Historie und Moderne, Mietwohnung und Eigentum, Gro\u00dfstadt und Gr\u00fcn und vieles mehr. Doch durch das neue Viertel ist Altona vor allem eins:<\/p>\n<\/div>\n<\/div><\/div><div id=\"panel-1033-0-1-1\" class=\"so-panel widget widget_behrendt-headline-widget panel-last-child\" data-index=\"1\" ><div class=\"panel-widget-style panel-widget-style-for-1033-0-1-1\" ><div\n\t\t\t\n\t\t\tclass=\"so-widget-behrendt-headline-widget so-widget-behrendt-headline-widget-default-8311f5c9e8fe-1033\"\n\t\t\t\n\t\t><h4>Im Herzen verbunden. <\/h4><\/div><\/div><\/div><\/div><div id=\"pgc-1033-0-2\"  class=\"panel-grid-cell panel-grid-cell-empty\" ><\/div><\/div><div id=\"pg-1033-1\"  class=\"panel-grid panel-no-style\" ><div id=\"pgc-1033-1-0\"  class=\"panel-grid-cell\" ><div id=\"panel-1033-1-0-0\" class=\"so-panel widget widget_behrendt-fullwidth-parallax-widget panel-first-child panel-last-child\" data-index=\"2\" ><div\n\t\t\t\n\t\t\tclass=\"so-widget-behrendt-fullwidth-parallax-widget so-widget-behrendt-fullwidth-parallax-widget-default-4a476124f460-1033\"\n\t\t\t\n\t\t>\n    <div class=\"parallax-overlay-mobile\">\n\t\t<p style=\"text-align: center;\"><span class=\"bg-text-shortcode\" style=\"color: #fff;background-color: #58585a;\">Altona l\u00e4sst keine W\u00fcnsche offen.<\/span> Die Verkehrsanbindung? Ist optimal. Infrastruktur? Hier ist alles um die Ecke. Umgebung? Die Elbe nah und der Park direkt vor der Haust\u00fcr. Kein Wunder also, dass so viele hier wohnen wollen.<\/p>\n<p style=\"text-align: center;\">Werden auch Sie neuer Bewohner des Herzens Altonas.<\/p>    <\/div>\n\n<div id=\"fullwidth-parallax-wrapper-237fa80c-2b0b-4d76-965d-52118017d53e\" class=\"fullwidth-parallax-wrapper\">\n\n    <div class=\"fullwidth-parallax\">\n\n                    <div class=\"parallax-overlay-desktop text-top\">\n                <p style=\"text-align: center;\"><span class=\"bg-text-shortcode\" style=\"color: #fff;background-color: #58585a;\">Altona l\u00e4sst keine W\u00fcnsche offen.<\/span> Die Verkehrsanbindung? Ist optimal. Infrastruktur? Hier ist alles um die Ecke. Umgebung? Die Elbe nah und der Park direkt vor der Haust\u00fcr. Kein Wunder also, dass so viele hier wohnen wollen.<\/p>\n<p style=\"text-align: center;\">Werden auch Sie neuer Bewohner des Herzens Altonas.<\/p>            <\/div>\n        \n        <div class=\"parallax-clipper\">\n            <div class=\"parallax-image\" style=\"background-image: url( https:\/\/behrendt.hamburg\/297-mittealtona\/wp-content\/uploads\/sites\/11\/2017\/05\/325.326.Hofansicht_09.FINAL-Wiederhergestellt.jpg );\"><\/div>\n            <!-- <div class=\"parallax-image-ios-fix\" style=\"background-image: url( https:\/\/behrendt.hamburg\/297-mittealtona\/wp-content\/uploads\/sites\/11\/2017\/05\/325.326.Hofansicht_09.FINAL-Wiederhergestellt.jpg );\"><\/div> -->\n        <\/div>\n\n    <\/div>\n\n<\/div>\n<\/div><\/div><\/div><\/div><div id=\"pg-1033-2\"  class=\"panel-grid panel-has-style\" ><div id=\"absolute_row\" class=\"panel-row-style panel-row-style-for-1033-2\" ><div id=\"pgc-1033-2-0\"  class=\"panel-grid-cell\" ><div class=\"absolute-cell panel-cell-style panel-cell-style-for-1033-2-0\" ><div id=\"panel-1033-2-0-0\" class=\"so-panel widget widget_behrendt-headline-widget panel-first-child\" data-index=\"3\" ><div class=\"panel-widget-style panel-widget-style-for-1033-2-0-0\" ><div\n\t\t\t\n\t\t\tclass=\"so-widget-behrendt-headline-widget so-widget-behrendt-headline-widget-default-1c6ded9be4cb-1033\"\n\t\t\t\n\t\t><h4>Das Wohnquartier\nMitte Altona 297 im \u00dcberblick: <\/h4><\/div><\/div><\/div><div id=\"panel-1033-2-0-1\" class=\"so-panel widget widget_sow-editor\" data-index=\"4\" ><div\n\t\t\t\n\t\t\tclass=\"so-widget-sow-editor so-widget-sow-editor-base\"\n\t\t\t\n\t\t>\n<div class=\"siteorigin-widget-tinymce textwidget\">\n\t<p style=\"text-align: center;\">In der Harkortstra\u00dfe, zwischen historischen Fassaden und der renovierten G\u00fcterbahnhofshalle entsteht ein neues Wohnquartier mit ca. 1600 Wohnungen. Direkt am Tor zum neuen Quartier errichtet die BEHRENDT GRUPPE gerade die MITTE ALTONA 297\/324\/327.<br \/> Hier erwarten Sie 130 moderne und individuelle Mietwohnungen in bester Lage des Viertels.<\/p>\n<\/div>\n<\/div><\/div><div id=\"panel-1033-2-0-2\" class=\"so-panel widget widget_behrendt-features-widget panel-last-child\" data-index=\"5\" ><div\n\t\t\t\n\t\t\tclass=\"so-widget-behrendt-features-widget so-widget-behrendt-features-widget-default-40cd750bba98-1033\"\n\t\t\t\n\t\t><ul><li><p>130 moderne Mietwohnungen <\/p><\/li><li><p>Wohnraum von 40 bis 90m\u00b2<\/p><\/li><li><p>Parkanlagen im Innenhof und vor der T\u00fcr<\/p><\/li><li><p>Mit Fahrrad- und Tiefgaragenstellpl\u00e4tzen <\/p><\/li><li><p>Hanseatische Geb\u00e4udegestaltung mit Klinker<\/p><\/li><li><p>Balkon oder Terrasse mit Garten im Erdgeschoss<\/p><\/li><li><p>Kindergarten im Haus<\/p><\/li><\/ul><\/div><\/div><\/div><\/div><\/div><\/div><div id=\"pg-1033-3\"  class=\"panel-grid panel-no-style\" ><div id=\"pgc-1033-3-0\"  class=\"panel-grid-cell\" ><div id=\"panel-1033-3-0-0\" class=\"so-panel widget widget_behrendt-fullwidth-parallax-widget panel-first-child panel-last-child\" data-index=\"6\" ><div\n\t\t\t\n\t\t\tclass=\"so-widget-behrendt-fullwidth-parallax-widget so-widget-behrendt-fullwidth-parallax-widget-default-af5c63bbad8f-1033\"\n\t\t\t\n\t\t>\n    <div class=\"parallax-overlay-mobile\">\n\t\t<h4 style=\"\tpadding: 50px 20px;\"><span style=\"color: #fff;background-color: #fe44c4;\tbox-shadow: 5px 0 0 #fe44c4, -5px 0 0 #fe44c4;\" class=\"colored-bg\">Wohnen in Altona<\/span><\/h4>    <\/div>\n\n<div id=\"fullwidth-parallax-wrapper-2606db96-52a1-44a0-908b-f35ac087ebf2\" class=\"fullwidth-parallax-wrapper\">\n\n    <div class=\"fullwidth-parallax\">\n\n                    <div class=\"parallax-overlay-desktop text-bottom\">\n                <h4 style=\"\tpadding: 50px 20px;\"><span style=\"color: #fff;background-color: #fe44c4;\tbox-shadow: 5px 0 0 #fe44c4, -5px 0 0 #fe44c4;\" class=\"colored-bg\">Wohnen in Altona<\/span><\/h4>            <\/div>\n        \n        <div class=\"parallax-clipper\">\n            <div class=\"parallax-image\" style=\"background-image: url( https:\/\/behrendt.hamburg\/297-mittealtona\/wp-content\/uploads\/sites\/11\/2017\/05\/150827_behrendtgruppe_harkortstrasse_-Wiederhergestellt-2.jpg );\"><\/div>\n            <!-- <div class=\"parallax-image-ios-fix\" style=\"background-image: url( https:\/\/behrendt.hamburg\/297-mittealtona\/wp-content\/uploads\/sites\/11\/2017\/05\/150827_behrendtgruppe_harkortstrasse_-Wiederhergestellt-2.jpg );\"><\/div> -->\n        <\/div>\n\n    <\/div>\n\n<\/div>\n<\/div><\/div><\/div><\/div><div id=\"pg-1033-4\"  class=\"panel-grid panel-no-style\" ><div id=\"pgc-1033-4-0\"  class=\"panel-grid-cell\" ><div id=\"panel-1033-4-0-0\" class=\"so-panel widget widget_sow-image panel-first-child panel-last-child\" data-index=\"7\" ><div class=\"bordered-image panel-widget-style panel-widget-style-for-1033-4-0-0\" ><div\n\t\t\t\n\t\t\tclass=\"so-widget-sow-image so-widget-sow-image-default-d6014b76747a-1033\"\n\t\t\t\n\t\t>\n\n<div class=\"sow-image-container\">\n\t\t<img decoding=\"async\" src=\"https:\/\/behrendt.hamburg\/297-mittealtona\/wp-content\/uploads\/sites\/11\/2017\/05\/326_augo.jpg\" width=\"1200\" height=\"1418\" sizes=\"auto, (max-width: 1200px) 100vw, 1200px\" title=\"Mitten in der Mitte\" alt=\"\" loading=\"lazy\" \t\tclass=\"so-widget-image\"\/>\n\t<\/div>\n\n<h3 class=\"widget-title\">Mitten in der Mitte<\/h3><\/div><\/div><\/div><\/div><div id=\"pgc-1033-4-1\"  class=\"panel-grid-cell\" ><div id=\"panel-1033-4-1-0\" class=\"so-panel widget widget_sow-image panel-first-child panel-last-child\" data-index=\"8\" ><div class=\"bordered-image panel-widget-style panel-widget-style-for-1033-4-1-0\" ><div\n\t\t\t\n\t\t\tclass=\"so-widget-sow-image so-widget-sow-image-default-d6014b76747a-1033\"\n\t\t\t\n\t\t>\n\n<div class=\"sow-image-container\">\n\t\t<img decoding=\"async\" src=\"https:\/\/behrendt.hamburg\/297-mittealtona\/wp-content\/uploads\/sites\/11\/2017\/05\/karte-wohnungsinfo.jpg\" width=\"1200\" height=\"1418\" sizes=\"auto, (max-width: 1200px) 100vw, 1200px\" title=\"letzter verf\u00fcgbarer Bauabschnitt\" alt=\"\" loading=\"lazy\" \t\tclass=\"so-widget-image\"\/>\n\t<\/div>\n\n<h3 class=\"widget-title\">letzter verf\u00fcgbarer Bauabschnitt<\/h3><\/div><\/div><\/div><\/div><\/div><div id=\"pg-1033-5\"  class=\"panel-grid panel-no-style\" ><div id=\"pgc-1033-5-0\"  class=\"panel-grid-cell\" ><div id=\"panel-1033-5-0-0\" class=\"so-panel widget widget_sow-editor panel-first-child\" data-index=\"9\" ><div\n\t\t\t\n\t\t\tclass=\"so-widget-sow-editor so-widget-sow-editor-base\"\n\t\t\t\n\t\t>\n<div class=\"siteorigin-widget-tinymce textwidget\">\n\t<p style=\"text-align: center;\">Wer hier mietet, macht alles richtig. Unsere Wohnungen in der MITTE ALTONA bieten eine hervorragende Verarbeitung, verschiedene praktische Grundrisse und eine hochwertige Ausstattung. Mit einer attraktiven Immobilie in diesem zukunftsweisenden Stadtteil sichern Sie sich eine traumhafte Neubauwohnung zum Einziehen. Begehrte Lage, beste Qualit\u00e4t, typisch Behrendt.<\/p>\n<p style=\"text-align: center;\">Sie interessieren Sich f\u00fcr eine unserer Wohnungen?<br \/>\nWir sind gern f\u00fcr Sie da!<\/p>\n<\/div>\n<\/div><\/div><div id=\"panel-1033-5-0-1\" class=\"so-panel widget widget_sow-button\" data-index=\"10\" ><div class=\"panel-widget-style panel-widget-style-for-1033-5-0-1\" ><div\n\t\t\t\n\t\t\tclass=\"so-widget-sow-button so-widget-sow-button-flat-fb1d16ae5e6f-1033\"\n\t\t\t\n\t\t><div class=\"ow-button-base ow-button-align-center\">\n\t<a href=\"https:\/\/my.matterport.com\/show\/?m=73PouuGJ7ZJ\" class=\"ow-icon-placement-left ow-button-hover\" target=\"_blank\" rel=\"noopener noreferrer\" \t\t>\n\t\t<span>\n\t\t\t\n\t\t\t3D-Rundgang Musterwohnung\t\t<\/span>\n\t<\/a>\n<\/div>\n<\/div><\/div><\/div><div\n\t\t\t\n\t\t\tclass=\"so-widget-fsm-bg-openimmo-collapsible so-widget-fsm-bg-openimmo-collapsible-default-d75171398898-1033\"\n\t\t\t\n\t\t>\n\n\n    <div class=\"panel-group flat_types_living\" id=\"accordion\" role=\"tablist\" aria-multiselectable=\"true\">\n\n\t\t    <\/div>\n    <\/div>\n    <\/div>\n<\/div><\/div><\/div><div id=\"pg-1033-6\"  class=\"panel-grid panel-has-style\" ><div class=\"panel-row-style panel-row-style-for-1033-6\" ><div id=\"pgc-1033-6-0\"  class=\"panel-grid-cell\" ><div id=\"panel-1033-6-0-0\" class=\"so-panel widget widget_sow-editor panel-first-child panel-last-child\" data-index=\"12\" ><div\n\t\t\t\n\t\t\tclass=\"so-widget-sow-editor so-widget-sow-editor-base\"\n\t\t\t\n\t\t>\n<div class=\"siteorigin-widget-tinymce textwidget\">\n\t<hr style=\"border-color: #58585a;\"\/>\n<\/div>\n<\/div><\/div><\/div><\/div><\/div><div id=\"pg-1033-7\"  class=\"panel-grid panel-has-style\" ><div class=\"panel-row-style panel-row-style-for-1033-7\" ><div id=\"pgc-1033-7-0\"  class=\"panel-grid-cell\" ><div id=\"panel-1033-7-0-0\" class=\"so-panel widget widget_behrendt-headline-widget panel-first-child\" data-index=\"13\" ><div class=\"panel-widget-style panel-widget-style-for-1033-7-0-0\" ><div\n\t\t\t\n\t\t\tclass=\"so-widget-behrendt-headline-widget so-widget-behrendt-headline-widget-default-04a66c5f2b89-1033\"\n\t\t\t\n\t\t><h4>Welcher Stil passt zu Ihnen?<\/h4><\/div><\/div><\/div><div id=\"panel-1033-7-0-1\" class=\"so-panel widget widget_sow-editor panel-last-child\" data-index=\"14\" ><div\n\t\t\t\n\t\t\tclass=\"so-widget-sow-editor so-widget-sow-editor-base\"\n\t\t\t\n\t\t>\n<div class=\"siteorigin-widget-tinymce textwidget\">\n\t<div data-aos=\"fade-up\" data-aos-once=\"true\" data-aos-duration=\"1000\" data-aos-easing=\"ease-in-quad\" data-aos-anchor-placement=\"top-bottom\" data-aos-delay=\"100\">\n<p style=\"text-align: center;\">Kein Juwel, ohne Feinschliff. Mit den BEHRENDT-Designlinien k\u00f6nnen Sie die Innenausstattung Ihrer Wohnung in den drei zeitlos sch\u00f6nen Linien MY HOME, LIVING CITY oder PURE NATURE ausgestalten. Wir beraten Sie gern!<\/p>\n<\/div>\n<\/div>\n<\/div><\/div><\/div><\/div><\/div><div id=\"pg-1033-8\"  class=\"panel-grid panel-has-style\" ><div class=\"three-columns panel-row-style panel-row-style-for-1033-8\" id=\"three-columns\" ><div id=\"pgc-1033-8-0\"  class=\"panel-grid-cell\" ><div id=\"panel-1033-8-0-0\" class=\"so-panel widget widget_behrendt-ambience-widget panel-first-child panel-last-child\" data-index=\"15\" ><div\n\t\t\t\n\t\t\tclass=\"so-widget-behrendt-ambience-widget so-widget-behrendt-ambience-widget-default-fa64b384fc43-1033\"\n\t\t\t\n\t\t><div class=\"ambience-image-animation\" data-aos=\"fade-right\" data-aos-once=\"true\" data-aos-duration=\"800\" data-aos-easing=\"linear\" data-aos-anchor-placement=\"top-bottom\" data-aos-delay=\"0\"><div class=\"ambience-image\"><img loading=\"lazy\" decoding=\"async\" width=\"768\" height=\"188\" src=\"https:\/\/behrendt.hamburg\/297-mittealtona\/wp-content\/uploads\/sites\/11\/2017\/05\/Pure-Nature_oK.jpg\" class=\"img-responsive\" alt=\"\" \/><\/div><div class=\"ambience-image-mobile\"><img loading=\"lazy\" decoding=\"async\" width=\"180\" height=\"180\" src=\"https:\/\/behrendt.hamburg\/297-mittealtona\/wp-content\/uploads\/sites\/11\/2017\/05\/Pure_Nature.jpg\" class=\"img-responsive\" alt=\"\" \/><\/div><div class=\"ambience-color\"><\/div><div class=\"ambience-text\">PURE NATURE <\/div><\/div><\/div><\/div><\/div><div id=\"pgc-1033-8-1\"  class=\"panel-grid-cell\" ><div id=\"panel-1033-8-1-0\" class=\"so-panel widget widget_behrendt-ambience-widget panel-first-child panel-last-child\" data-index=\"16\" ><div\n\t\t\t\n\t\t\tclass=\"so-widget-behrendt-ambience-widget so-widget-behrendt-ambience-widget-default-0d05e3585f4a-1033\"\n\t\t\t\n\t\t><div class=\"ambience-image-animation\" data-aos=\"fade-up\" data-aos-once=\"true\" data-aos-duration=\"800\" data-aos-easing=\"linear\" data-aos-anchor-placement=\"top-bottom\" data-aos-delay=\"100\"><div class=\"ambience-image\"><img loading=\"lazy\" decoding=\"async\" width=\"768\" height=\"188\" src=\"https:\/\/behrendt.hamburg\/297-mittealtona\/wp-content\/uploads\/sites\/11\/2017\/05\/Living-City_oK.jpg\" class=\"img-responsive\" alt=\"\" \/><\/div><div class=\"ambience-image-mobile\"><img loading=\"lazy\" decoding=\"async\" width=\"180\" height=\"180\" src=\"https:\/\/behrendt.hamburg\/297-mittealtona\/wp-content\/uploads\/sites\/11\/2017\/05\/Living_City_oK.jpg\" class=\"img-responsive\" alt=\"\" \/><\/div><div class=\"ambience-color\"><\/div><div class=\"ambience-text\">LIVING CITY<\/div><\/div><\/div><\/div><\/div><div id=\"pgc-1033-8-2\"  class=\"panel-grid-cell\" ><div id=\"panel-1033-8-2-0\" class=\"so-panel widget widget_behrendt-ambience-widget panel-first-child panel-last-child\" data-index=\"17\" ><div\n\t\t\t\n\t\t\tclass=\"so-widget-behrendt-ambience-widget so-widget-behrendt-ambience-widget-default-a4f2a2b60617-1033\"\n\t\t\t\n\t\t><div class=\"ambience-image-animation\" data-aos=\"fade-left\" data-aos-once=\"true\" data-aos-duration=\"800\" data-aos-easing=\"linear\" data-aos-anchor-placement=\"top-bottom\" data-aos-delay=\"100\"><div class=\"ambience-image\"><img loading=\"lazy\" decoding=\"async\" width=\"768\" height=\"188\" src=\"https:\/\/behrendt.hamburg\/297-mittealtona\/wp-content\/uploads\/sites\/11\/2017\/05\/My-Home_oK.jpg\" class=\"img-responsive\" alt=\"\" \/><\/div><div class=\"ambience-image-mobile\"><img loading=\"lazy\" decoding=\"async\" width=\"180\" height=\"180\" src=\"https:\/\/behrendt.hamburg\/297-mittealtona\/wp-content\/uploads\/sites\/11\/2017\/05\/My_Home.jpg\" class=\"img-responsive\" alt=\"\" \/><\/div><div class=\"ambience-color\"><\/div><div class=\"ambience-text\">MY HOME<\/div><\/div><\/div><\/div><\/div><\/div><\/div><\/div>","protected":false},"excerpt":{"rendered":"<p>Mittendrin im spannendsten und vielf\u00e4ltigsten Teil der Hansestadt entsteht ein v\u00f6llig neues Viertel: die Mitte Altona. Fasziniert von den Gegens\u00e4tzen, die sich hier verbinden: drei Stadtviertel, Historie und Moderne, Mietwohnung und Eigentum, Gro\u00dfstadt und Gr\u00fcn und vieles mehr. Doch durch das neue Viertel ist Altona vor allem eins:<\/p>\n","protected":false},"author":1,"featured_media":1236,"parent":0,"menu_order":0,"comment_status":"closed","ping_status":"closed","template":"","meta":{"footnotes":""},"class_list":["post-1033","page","type-page","status-publish","has-post-thumbnail","hentry"],"_links":{"self":[{"href":"https:\/\/behrendt.hamburg\/297-mittealtona\/wp-json\/wp\/v2\/pages\/1033","targetHints":{"allow":["GET"]}}],"collection":[{"href":"https:\/\/behrendt.hamburg\/297-mittealtona\/wp-json\/wp\/v2\/pages"}],"about":[{"href":"https:\/\/behrendt.hamburg\/297-mittealtona\/wp-json\/wp\/v2\/types\/page"}],"author":[{"embeddable":true,"href":"https:\/\/behrendt.hamburg\/297-mittealtona\/wp-json\/wp\/v2\/users\/1"}],"replies":[{"embeddable":true,"href":"https:\/\/behrendt.hamburg\/297-mittealtona\/wp-json\/wp\/v2\/comments?post=1033"}],"version-history":[{"count":0,"href":"https:\/\/behrendt.hamburg\/297-mittealtona\/wp-json\/wp\/v2\/pages\/1033\/revisions"}],"wp:featuredmedia":[{"embeddable":true,"href":"https:\/\/behrendt.hamburg\/297-mittealtona\/wp-json\/wp\/v2\/media\/1236"}],"wp:attachment":[{"href":"https:\/\/behrendt.hamburg\/297-mittealtona\/wp-json\/wp\/v2\/media?parent=1033"}],"curies":[{"name":"wp","href":"https:\/\/api.w.org\/{rel}","templated":true}]}}